{"id":15,"date":"2022-01-22T18:13:35","date_gmt":"2022-01-22T16:13:35","guid":{"rendered":"https:\/\/www.plvk.fi\/?page_id=15"},"modified":"2025-11-16T22:27:00","modified_gmt":"2025-11-16T20:27:00","slug":"yhteystiedot","status":"publish","type":"page","link":"https:\/\/www.plvk.fi\/index.php\/yhteystiedot\/","title":{"rendered":"Yhteystiedot"},"content":{"rendered":"\t\t<div data-elementor-type=\"wp-page\" data-elementor-id=\"15\" class=\"elementor elementor-15\" data-elementor-post-type=\"page\">\n\t\t\t\t<div class=\"elementor-element elementor-element-bcc8cd2 e-flex e-con-boxed e-con e-parent\" data-id=\"bcc8cd2\" data-element_type=\"container\" data-e-type=\"container\">\n\t\t\t\t\t<div class=\"e-con-inner\">\n\t\t\t\t<div class=\"elementor-element elementor-element-8c68b81 elementor-widget elementor-widget-text-editor\" data-id=\"8c68b81\" data-element_type=\"widget\" data-e-type=\"widget\" data-widget_type=\"text-editor.default\">\n\t\t\t\t<div class=\"elementor-widget-container\">\n\t\t\t\t\t\t\t\t\t<p><strong>PORSLAHDEN VENEKERHO RY<br \/><\/strong><\/p>\n<p><!-- \/wp:paragraph --><!-- wp:paragraph --><\/p>\n<p>PL 265<\/p>\n<p><!-- \/wp:paragraph --><!-- wp:paragraph --><\/p>\n<p>01301 VANTAA<\/p>\n<p><!-- \/wp:paragraph --><!-- wp:paragraph --><\/p>\n<p>s\u00e4hk\u00f6posti: toimisto(at)plvk.fi<\/p>\n<p><!-- \/wp:paragraph --><!-- wp:paragraph --><\/p>\n<p>K\u00e4yntiosoite: Porslahden Venekerho ry, \u00a0Laiturikuja 2, 00980 Helsinki<\/p>\t\t\t\t\t\t\t\t<\/div>\n\t\t\t\t<\/div>\n\t\t\t\t\t<\/div>\n\t\t\t\t<\/div>\n\t\t<div class=\"elementor-element elementor-element-20dc8a3 e-flex e-con-boxed e-con e-parent\" data-id=\"20dc8a3\" data-element_type=\"container\" data-e-type=\"container\">\n\t\t\t\t\t<div class=\"e-con-inner\">\n\t\t<div class=\"elementor-element elementor-element-866148c e-con-full e-flex e-con e-child\" data-id=\"866148c\" data-element_type=\"container\" data-e-type=\"container\">\n\t\t\t\t<div class=\"elementor-element elementor-element-99698fb elementor-widget elementor-widget-image\" data-id=\"99698fb\" data-element_type=\"widget\" data-e-type=\"widget\" data-widget_type=\"image.default\">\n\t\t\t\t<div class=\"elementor-widget-container\">\n\t\t\t\t\t\t\t\t\t\t\t\t\t\t\t<img fetchpriority=\"high\" decoding=\"async\" width=\"300\" height=\"300\" src=\"https:\/\/www.plvk.fi\/wp-content\/uploads\/2023\/08\/heli.jpg\" class=\"attachment-medium size-medium wp-image-285\" alt=\"Heli\" srcset=\"https:\/\/www.plvk.fi\/wp-content\/uploads\/2023\/08\/heli.jpg 300w, https:\/\/www.plvk.fi\/wp-content\/uploads\/2023\/08\/heli-220x220.jpg 220w, https:\/\/www.plvk.fi\/wp-content\/uploads\/2023\/08\/heli-100x100.jpg 100w, https:\/\/www.plvk.fi\/wp-content\/uploads\/2023\/08\/heli-150x150.jpg 150w\" sizes=\"(max-width: 300px) 100vw, 300px\" \/>\t\t\t\t\t\t\t\t\t\t\t\t\t\t\t<\/div>\n\t\t\t\t<\/div>\n\t\t\t\t<\/div>\n\t\t<div class=\"elementor-element elementor-element-8d29e03 e-con-full e-flex e-con e-child\" data-id=\"8d29e03\" data-element_type=\"container\" data-e-type=\"container\">\n\t\t\t\t<div class=\"elementor-element elementor-element-0e30b98 elementor-widget elementor-widget-text-editor\" data-id=\"0e30b98\" data-element_type=\"widget\" data-e-type=\"widget\" data-widget_type=\"text-editor.default\">\n\t\t\t\t<div class=\"elementor-widget-container\">\n\t\t\t\t\t\t\t\t\t<p><strong>KOMMODORI<\/strong><br \/>Heli Pirttim\u00e4ki<br \/>puh. 050 357 5208<\/p>\t\t\t\t\t\t\t\t<\/div>\n\t\t\t\t<\/div>\n\t\t\t\t<\/div>\n\t\t<div class=\"elementor-element elementor-element-695ffd6 e-con-full e-flex e-con e-child\" data-id=\"695ffd6\" data-element_type=\"container\" data-e-type=\"container\">\n\t\t\t\t<div class=\"elementor-element elementor-element-bbcf4b4 elementor-widget elementor-widget-image\" data-id=\"bbcf4b4\" data-element_type=\"widget\" data-e-type=\"widget\" data-widget_type=\"image.default\">\n\t\t\t\t<div class=\"elementor-widget-container\">\n\t\t\t\t\t\t\t\t\t\t\t\t\t\t\t<img decoding=\"async\" width=\"300\" height=\"300\" src=\"https:\/\/www.plvk.fi\/wp-content\/uploads\/2023\/08\/mika.jpg\" class=\"attachment-medium size-medium wp-image-283\" alt=\"Mika\" srcset=\"https:\/\/www.plvk.fi\/wp-content\/uploads\/2023\/08\/mika.jpg 300w, https:\/\/www.plvk.fi\/wp-content\/uploads\/2023\/08\/mika-220x220.jpg 220w, https:\/\/www.plvk.fi\/wp-content\/uploads\/2023\/08\/mika-100x100.jpg 100w, https:\/\/www.plvk.fi\/wp-content\/uploads\/2023\/08\/mika-150x150.jpg 150w\" sizes=\"(max-width: 300px) 100vw, 300px\" \/>\t\t\t\t\t\t\t\t\t\t\t\t\t\t\t<\/div>\n\t\t\t\t<\/div>\n\t\t\t\t<\/div>\n\t\t<div class=\"elementor-element elementor-element-ba19e10 e-con-full e-flex e-con e-child\" data-id=\"ba19e10\" data-element_type=\"container\" data-e-type=\"container\">\n\t\t\t\t<div class=\"elementor-element elementor-element-fca9d26 elementor-widget elementor-widget-text-editor\" data-id=\"fca9d26\" data-element_type=\"widget\" data-e-type=\"widget\" data-widget_type=\"text-editor.default\">\n\t\t\t\t<div class=\"elementor-widget-container\">\n\t\t\t\t\t\t\t\t\t<p><strong>SATAMAKAPTEENI<\/strong><br \/>Mika Pirttim\u00e4ki<br \/>puh. 044 241 3394<\/p>\t\t\t\t\t\t\t\t<\/div>\n\t\t\t\t<\/div>\n\t\t\t\t<\/div>\n\t\t\t\t\t<\/div>\n\t\t\t\t<\/div>\n\t\t<div class=\"elementor-element elementor-element-5f9abdd e-flex e-con-boxed e-con e-parent\" data-id=\"5f9abdd\" data-element_type=\"container\" data-e-type=\"container\">\n\t\t\t\t\t<div class=\"e-con-inner\">\n\t\t\t\t<div class=\"elementor-element elementor-element-72be0ca elementor-widget elementor-widget-text-editor\" data-id=\"72be0ca\" data-element_type=\"widget\" data-e-type=\"widget\" data-widget_type=\"text-editor.default\">\n\t\t\t\t<div class=\"elementor-widget-container\">\n\t\t\t\t\t\t\t\t\t<p><strong>KATSASTUSP\u00c4\u00c4LLIKK\u00d6<\/strong><br \/>Jani Virtanen<br \/>Katsastajien p\u00e4ivystysnumero 050 440 4198<\/p>\n<ul>\n<li>Numero on k\u00e4yt\u00f6ss\u00e4 huhti-, touko- ja kes\u00e4kuussa<\/li>\n<li>Vain puhelut &#8211; ei tekstiviestej\u00e4!<\/li>\n<\/ul>\t\t\t\t\t\t\t\t<\/div>\n\t\t\t\t<\/div>\n\t\t\t\t<div class=\"elementor-element elementor-element-b4e1f41 elementor-widget elementor-widget-text-editor\" data-id=\"b4e1f41\" data-element_type=\"widget\" data-e-type=\"widget\" data-widget_type=\"text-editor.default\">\n\t\t\t\t<div class=\"elementor-widget-container\">\n\t\t\t\t\t\t\t\t\t<p><strong>VARTIOP\u00c4\u00c4LLIKK\u00d6<\/strong><br \/>Vesa Sakko<br \/>Vartiop\u00e4\u00e4llik\u00f6n puhelinnumero 050 351 6827<\/p>\n<ul>\n<li>Vain puhelut &#8211; ei tekstiviestej\u00e4!<\/li>\n<\/ul>\t\t\t\t\t\t\t\t<\/div>\n\t\t\t\t<\/div>\n\t\t\t\t\t<\/div>\n\t\t\t\t<\/div>\n\t\t<div class=\"elementor-element elementor-element-18b7b2af e-flex e-con-boxed e-con e-parent\" data-id=\"18b7b2af\" data-element_type=\"container\" data-e-type=\"container\">\n\t\t\t\t\t<div class=\"e-con-inner\">\n\t\t\t\t<div class=\"elementor-element elementor-element-55259fab elementor-widget elementor-widget-text-editor\" data-id=\"55259fab\" data-element_type=\"widget\" data-e-type=\"widget\" data-widget_type=\"text-editor.default\">\n\t\t\t\t<div class=\"elementor-widget-container\">\n\t\t\t\t\t\t\t\t\t<h2 class=\"wp-block-table is-style-regular\"><strong>Hallitus 2026<\/strong><\/h2>\n<p><!-- \/wp:table --><!-- wp:paragraph --><!-- \/wp:paragraph --><!-- wp:paragraph --><!-- \/wp:paragraph --><!-- wp:paragraph --><\/p>\n<p>Lars Dolk, rahastonhoitaja<br \/>Sami Kiesil\u00e4inen, varakommodori<br \/>Mika Pirttim\u00e4ki, satamakapteeni<br \/>Vesa Sakko, vartiop\u00e4\u00e4llikk\u00f6<br \/>T. T., sihteeri<br \/>Jani Virtanen, katsastusp\u00e4\u00e4llikk\u00f6<\/p>\n<p><!-- \/wp:paragraph --><!-- wp:paragraph --><\/p>\n<p><strong>Varaj\u00e4senet:<\/strong><br \/>Timo Kein\u00e4nen<br \/>Jenni Vahervuori<\/p>\n<p><!-- \/wp:paragraph --><!-- wp:paragraph --><!-- \/wp:paragraph --><\/p>\t\t\t\t\t\t\t\t<\/div>\n\t\t\t\t<\/div>\n\t\t\t\t\t<\/div>\n\t\t\t\t<\/div>\n\t\t\t\t<\/div>\n\t\t","protected":false},"excerpt":{"rendered":"<p>PORSLAHDEN VENEKERHO RY PL 265 01301 VANTAA s\u00e4hk\u00f6posti: toimisto(at)plvk.fi K\u00e4yntiosoite: Porslahden Venekerho ry, \u00a0Laiturikuja 2, 00980 Helsinki KOMMODORIHeli Pirttim\u00e4kipuh. 050 357 5208 SATAMAKAPTEENIMika Pirttim\u00e4kipuh. 044 241 3394 KATSASTUSP\u00c4\u00c4LLIKK\u00d6Jani VirtanenKatsastajien p\u00e4ivystysnumero [&hellip;]<\/p>\n","protected":false},"author":3,"featured_media":0,"parent":0,"menu_order":0,"comment_status":"closed","ping_status":"closed","template":"","meta":{"site-sidebar-layout":"default","site-content-layout":"","ast-site-content-layout":"default","site-content-style":"default","site-sidebar-style":"default","ast-global-header-display":"","ast-banner-title-visibility":"","ast-main-header-display":"","ast-hfb-above-header-display":"","ast-hfb-below-header-display":"","ast-hfb-mobile-header-display":"","site-post-title":"","ast-breadcrumbs-content":"","ast-featured-img":"","footer-sml-layout":"","ast-disable-related-posts":"","theme-transparent-header-meta":"","adv-header-id-meta":"","stick-header-meta":"","header-above-stick-meta":"","header-main-stick-meta":"","header-below-stick-meta":"","astra-migrate-meta-layouts":"default","ast-page-background-enabled":"default","ast-page-background-meta":{"desktop":{"background-color":"var(--ast-global-color-4)","background-image":"","background-repeat":"repeat","background-position":"center center","background-size":"auto","background-attachment":"scroll","background-type":"","background-media":"","overlay-type":"","overlay-color":"","overlay-opacity":"","overlay-gradient":""},"tablet":{"background-color":"","background-image":"","background-repeat":"repeat","background-position":"center center","background-size":"auto","background-attachment":"scroll","background-type":"","background-media":"","overlay-type":"","overlay-color":"","overlay-opacity":"","overlay-gradient":""},"mobile":{"background-color":"","background-image":"","background-repeat":"repeat","background-position":"center center","background-size":"auto","background-attachment":"scroll","background-type":"","background-media":"","overlay-type":"","overlay-color":"","overlay-opacity":"","overlay-gradient":""}},"ast-content-background-meta":{"desktop":{"background-color":"var(--ast-global-color-5)","background-image":"","background-repeat":"repeat","background-position":"center center","background-size":"auto","background-attachment":"scroll","background-type":"","background-media":"","overlay-type":"","overlay-color":"","overlay-opacity":"","overlay-gradient":""},"tablet":{"background-color":"var(--ast-global-color-5)","background-image":"","background-repeat":"repeat","background-position":"center center","background-size":"auto","background-attachment":"scroll","background-type":"","background-media":"","overlay-type":"","overlay-color":"","overlay-opacity":"","overlay-gradient":""},"mobile":{"background-color":"var(--ast-global-color-5)","background-image":"","background-repeat":"repeat","background-position":"center center","background-size":"auto","background-attachment":"scroll","background-type":"","background-media":"","overlay-type":"","overlay-color":"","overlay-opacity":"","overlay-gradient":""}},"footnotes":""},"class_list":["post-15","page","type-page","status-publish","hentry"],"_links":{"self":[{"href":"https:\/\/www.plvk.fi\/index.php\/wp-json\/wp\/v2\/pages\/15","targetHints":{"allow":["GET"]}}],"collection":[{"href":"https:\/\/www.plvk.fi\/index.php\/wp-json\/wp\/v2\/pages"}],"about":[{"href":"https:\/\/www.plvk.fi\/index.php\/wp-json\/wp\/v2\/types\/page"}],"author":[{"embeddable":true,"href":"https:\/\/www.plvk.fi\/index.php\/wp-json\/wp\/v2\/users\/3"}],"replies":[{"embeddable":true,"href":"https:\/\/www.plvk.fi\/index.php\/wp-json\/wp\/v2\/comments?post=15"}],"version-history":[{"count":53,"href":"https:\/\/www.plvk.fi\/index.php\/wp-json\/wp\/v2\/pages\/15\/revisions"}],"predecessor-version":[{"id":3947,"href":"https:\/\/www.plvk.fi\/index.php\/wp-json\/wp\/v2\/pages\/15\/revisions\/3947"}],"wp:attachment":[{"href":"https:\/\/www.plvk.fi\/index.php\/wp-json\/wp\/v2\/media?parent=15"}],"curies":[{"name":"wp","href":"https:\/\/api.w.org\/{rel}","templated":true}]}}