{"id":16,"date":"2022-01-22T18:13:35","date_gmt":"2022-01-22T16:13:35","guid":{"rendered":"https:\/\/www.plvk.fi\/?page_id=16"},"modified":"2026-01-02T20:36:30","modified_gmt":"2026-01-02T18:36:30","slug":"hinnasto","status":"publish","type":"page","link":"https:\/\/www.plvk.fi\/index.php\/jasenille\/hinnasto\/","title":{"rendered":"Hinnasto"},"content":{"rendered":"\t\t<div data-elementor-type=\"wp-page\" data-elementor-id=\"16\" class=\"elementor elementor-16\" data-elementor-post-type=\"page\">\n\t\t\t\t<div class=\"elementor-element elementor-element-78b78a97 e-con-full e-flex e-con e-parent\" data-id=\"78b78a97\" data-element_type=\"container\" data-e-type=\"container\">\n\t\t\t\t<div class=\"elementor-element elementor-element-0529e55 elementor-widget elementor-widget-image\" data-id=\"0529e55\" data-element_type=\"widget\" data-e-type=\"widget\" data-widget_type=\"image.default\">\n\t\t\t\t<div class=\"elementor-widget-container\">\n\t\t\t\t\t\t\t\t\t\t\t\t\t\t\t<img fetchpriority=\"high\" decoding=\"async\" width=\"1024\" height=\"310\" src=\"https:\/\/www.plvk.fi\/wp-content\/uploads\/2024\/01\/plvk_kuvitus_joustin-1024x310.jpg\" class=\"attachment-large size-large wp-image-2111\" alt=\"Kiinnitysk\u00f6yden joustin\" srcset=\"https:\/\/www.plvk.fi\/wp-content\/uploads\/2024\/01\/plvk_kuvitus_joustin-1024x310.jpg 1024w, https:\/\/www.plvk.fi\/wp-content\/uploads\/2024\/01\/plvk_kuvitus_joustin-220x67.jpg 220w, https:\/\/www.plvk.fi\/wp-content\/uploads\/2024\/01\/plvk_kuvitus_joustin-575x174.jpg 575w, https:\/\/www.plvk.fi\/wp-content\/uploads\/2024\/01\/plvk_kuvitus_joustin-300x91.jpg 300w, https:\/\/www.plvk.fi\/wp-content\/uploads\/2024\/01\/plvk_kuvitus_joustin-768x233.jpg 768w, https:\/\/www.plvk.fi\/wp-content\/uploads\/2024\/01\/plvk_kuvitus_joustin-1536x465.jpg 1536w, https:\/\/www.plvk.fi\/wp-content\/uploads\/2024\/01\/plvk_kuvitus_joustin.jpg 2048w\" sizes=\"(max-width: 1024px) 100vw, 1024px\" \/>\t\t\t\t\t\t\t\t\t\t\t\t\t\t\t<\/div>\n\t\t\t\t<\/div>\n\t\t\t\t<div class=\"elementor-element elementor-element-5b182d60 elementor-widget elementor-widget-text-editor\" data-id=\"5b182d60\" data-element_type=\"widget\" data-e-type=\"widget\" data-widget_type=\"text-editor.default\">\n\t\t\t\t<div class=\"elementor-widget-container\">\n\t\t\t\t\t\t\t\t\t\n<p>Vahvistettu Porslahden Venekerho ry:n kokouksessa 11.11.2025, lukuunottamatta talvis\u00e4ilytyst\u00e4 talvella 2025-2026, joka on p\u00e4\u00e4tetty 23.4.2025 kokouksessa.<\/p>\n\n<h3 class=\"wp-block-heading\">Venepaikkamaksu \/ vuosi<\/h3>\n\n<p>Maksu sis\u00e4lt\u00e4\u00e4 vene- ja katsastusmaksun. Maksu perustuu laituripaikan leveyteen, jossa <strong>hinta on 1,2 euroa senttimetrilt\u00e4<\/strong>.<\/p>\n\n<ul class=\"wp-block-list\">\n<li>2,00 m x 4 m = 240\u20ac<\/li>\n<li>2,50 m x 5 m = 300 \u20ac<\/li>\n<li>2,75 m x 5 m = 330 \u20ac<\/li>\n<li>2,75 m x 6 m = 330 \u20ac<\/li>\n<li>3,00 m x 7 m = 360 \u20ac<\/li>\n<li>3,25 m x 8 m = 390 \u20ac<\/li>\n<li>3,75 m x 9 m = 450 \u20ac<\/li>\n<li>4,00 m x 12 m = 480 \u20ac<\/li>\n<\/ul>\n\n<h3 class=\"wp-block-heading\">Talvis\u00e4ilytys, talvi 2025-2026<\/h3>\n\n<p>Veneen s\u00e4ilytys kerhon alueella. Talvis\u00e4ilytysmaksu perustuu venepaikan leveyden ja pituuden tuloon eli pinta-alaan, jonka <strong>hinta on 11,5 euroa neli\u00f6lt\u00e4<\/strong>. Maksu sis\u00e4lt\u00e4\u00e4 telakointialueen yll\u00e4pitomaksun. Venepaikkakoot ja hinnat:<\/p>\n\n<ul class=\"wp-block-list\">\n<li>2,00 m x 4,0 m = 92,00 \u20ac<\/li>\n\n<li>2,50 m x 5,0 m = 144,00 \u20ac<\/li>\n\n<li>2,75 m x 5,0 m = 158,00 \u20ac<\/li>\n\n<li>2,75 m x 6,0 m = 190,00 \u20ac<\/li>\n\n<li>3,00 m x 7,0 m = 242,00 \u20ac<\/li>\n\n<li>3,25 m x 8,0 m = 299,00 \u20ac<\/li>\n<li>3,75 m x 9,0 m = 388,13 \u20ac<\/li>\n\n<li>4,00 m x 12,0 m = 552,00 \u20ac<\/li>\n<\/ul>\n<h3 class=\"wp-block-heading\">Talvis\u00e4ilytys, talvi 2026-2027<\/h3>\n<h4><\/h4>\n<p>Veneen s\u00e4ilytys kerhon alueella. Talvis\u00e4ilytysmaksu perustuu venepaikan leveyden ja pituuden tuloon eli pinta-alaan, jonka <strong>hinta on 12,5 euroa neli\u00f6lt\u00e4<\/strong>. Maksu sis\u00e4lt\u00e4\u00e4 telakointialueen yll\u00e4pitomaksun. Venepaikkakoot ja hinnat:<\/p>\n<h4><\/h4>\n<ul class=\"wp-block-list\">\n<li>2,00 m x 4,0 m = 100,00 \u20ac<\/li>\n\n<li>2,50 m x 5,0 m = 156,00 \u20ac<\/li>\n\n<li>2,75 m x 5,0 m = 172,00 \u20ac<\/li>\n\n<li>2,75 m x 6,0 m = 207,00 \u20ac<\/li>\n\n<li>3,00 m x 7,0 m = 263,00 \u20ac<\/li>\n\n<li>3,25 m x 8,0 m = 325,00 \u20ac<\/li>\n<li>3,75 m x 9,0 m = 422,00 \u20ac<\/li>\n\n<li>4,00 m x 12,0 m = 600,00 \u20ac<\/li>\n<\/ul>\n<h4>Muu telakointi<\/h4>\n\n<ul class=\"wp-block-list\">\n<li>Yli 7vrk telakointi kes\u00e4kaudella 11.6.\u201314.9. maksu on 7vrk 200 \u20ac tai koko kausi 600 \u20ac<\/li>\n\n<li>Tilap\u00e4isest\u00e4 telakoinnista esim. konerikko yms. voi hallitus pyynn\u00f6st\u00e4 muuttaa maksua tai j\u00e4tt\u00e4\u00e4 laskuttamatta.<\/li>\n<li>Oman noston\/laskun valvontamaksu ja portinavaus 25\u20ac\/vene<\/li>\n<li>Yhteislaskussa\/nostossa muiden tiell\u00e4 olevan veneen siirto toteutuneiden kustannusten mukaan, v\u00e4hint\u00e4\u00e4n 50\u20ac<\/li>\n<\/ul>\n\n<h3 class=\"wp-block-heading\">Liittymismaksu<\/h3>\n\n<ul class=\"wp-block-list\">\n<li>Varsinainen j\u00e4sen 400 \u20ac<\/li>\n\n<li>Perhe- tai juniorij\u00e4sen 0 \u20ac<\/li>\n<\/ul>\n\n<h3 class=\"wp-block-heading\">J\u00e4senmaksu<\/h3>\n\n<ul class=\"wp-block-list\">\n<li>Varsinainen j\u00e4sen 60 \u20ac<\/li>\n\n<li>Perhej\u00e4sen 30 \u20ac<\/li>\n\n<li>Juniorij\u00e4sen 0 \u20ac<\/li>\n<\/ul>\n\n<h3 class=\"wp-block-heading\">Saarimaksu<\/h3>\n<ul>\n<li>Varsinainen j\u00e4sen 30 \u20ac<\/li>\n<\/ul>\n<h3 class=\"wp-block-heading\">Avainmaksu ja pys\u00e4k\u00f6intilupa<\/h3>\n\n<ul class=\"wp-block-list\">\n<li>Avain 40 \u20ac \/ kpl<\/li>\n<li>Pys\u00e4k\u00f6intilupa kadonneen\/tuhoutuneen tilalle 10 \u20ac<\/li>\n<\/ul>\n\n<h3 class=\"wp-block-heading\">Laiminly\u00f6nti- ja sakkomaksut<\/h3>\n\n<ul class=\"wp-block-list\">\n<li>Katsastuksen laiminly\u00f6ntimaksu: 200 \u20ac<\/li>\n\n<li>Vartioinnin laiminly\u00f6ntimaksu: 200 \u20ac<\/li>\n\n<li>1. Huomautus- tai perint\u00e4kirje: 10 \u20ac<\/li>\n<li>2. Huomautus- tai perint\u00e4kirje: 20 \u20ac<\/li>\n\n<li>Talvitelakointiv\u00e4lineiden\/veneen asianmukaisen merkitsemisen laiminly\u00f6nti: 150 \u20ac<\/li>\n\n<li>Telakointipaikan siivous: 50 \u20ac + j\u00e4tteenk\u00e4sittelyst\u00e4 aiheutuvat kulut<\/li>\n\n<li>S\u00e4\u00e4nt\u00f6jen vastainen s\u00e4hk\u00f6n k\u00e4ytt\u00f6: 200 \u20ac + lasku s\u00e4hk\u00f6n kulutuksesta arvion perusteella<\/li>\n<\/ul>\n\n<p>Laiminly\u00f6nti- ja sakkomaksut ovat yhdistyksen m\u00e4\u00e4ritt\u00e4mi\u00e4 maksuja. Jos maksu menee perint\u00e4\u00e4n, siit\u00e4 seuraa lis\u00e4kuluja perint\u00e4toimiston hinnaston mukaan.<\/p>\n\t\t\t\t\t\t\t\t<\/div>\n\t\t\t\t<\/div>\n\t\t\t\t<\/div>\n\t\t\t\t<\/div>\n\t\t","protected":false},"excerpt":{"rendered":"<p>Vahvistettu Porslahden Venekerho ry:n kokouksessa 11.11.2025, lukuunottamatta talvis\u00e4ilytyst\u00e4 talvella 2025-2026, joka on p\u00e4\u00e4tetty 23.4.2025 kokouksessa. Venepaikkamaksu \/ vuosi Maksu sis\u00e4lt\u00e4\u00e4 vene- ja katsastusmaksun. Maksu perustuu laituripaikan leveyteen, jossa hinta on [&hellip;]<\/p>\n","protected":false},"author":3,"featured_media":0,"parent":1890,"menu_order":3,"comment_status":"closed","ping_status":"closed","template":"","meta":{"site-sidebar-layout":"default","site-content-layout":"","ast-site-content-layout":"default","site-content-style":"default","site-sidebar-style":"default","ast-global-header-display":"","ast-banner-title-visibility":"","ast-main-header-display":"","ast-hfb-above-header-display":"","ast-hfb-below-header-display":"","ast-hfb-mobile-header-display":"","site-post-title":"","ast-breadcrumbs-content":"","ast-featured-img":"","footer-sml-layout":"","ast-disable-related-posts":"","theme-transparent-header-meta":"","adv-header-id-meta":"","stick-header-meta":"","header-above-stick-meta":"","header-main-stick-meta":"","header-below-stick-meta":"","astra-migrate-meta-layouts":"set","ast-page-background-enabled":"default","ast-page-background-meta":{"desktop":{"background-color":"var(--ast-global-color-4)","background-image":"","background-repeat":"repeat","background-position":"center center","background-size":"auto","background-attachment":"scroll","background-type":"","background-media":"","overlay-type":"","overlay-color":"","overlay-opacity":"","overlay-gradient":""},"tablet":{"background-color":"","background-image":"","background-repeat":"repeat","background-position":"center center","background-size":"auto","background-attachment":"scroll","background-type":"","background-media":"","overlay-type":"","overlay-color":"","overlay-opacity":"","overlay-gradient":""},"mobile":{"background-color":"","background-image":"","background-repeat":"repeat","background-position":"center center","background-size":"auto","background-attachment":"scroll","background-type":"","background-media":"","overlay-type":"","overlay-color":"","overlay-opacity":"","overlay-gradient":""}},"ast-content-background-meta":{"desktop":{"background-color":"var(--ast-global-color-5)","background-image":"","background-repeat":"repeat","background-position":"center center","background-size":"auto","background-attachment":"scroll","background-type":"","background-media":"","overlay-type":"","overlay-color":"","overlay-opacity":"","overlay-gradient":""},"tablet":{"background-color":"var(--ast-global-color-5)","background-image":"","background-repeat":"repeat","background-position":"center center","background-size":"auto","background-attachment":"scroll","background-type":"","background-media":"","overlay-type":"","overlay-color":"","overlay-opacity":"","overlay-gradient":""},"mobile":{"background-color":"var(--ast-global-color-5)","background-image":"","background-repeat":"repeat","background-position":"center center","background-size":"auto","background-attachment":"scroll","background-type":"","background-media":"","overlay-type":"","overlay-color":"","overlay-opacity":"","overlay-gradient":""}},"footnotes":""},"class_list":["post-16","page","type-page","status-publish","hentry"],"_links":{"self":[{"href":"https:\/\/www.plvk.fi\/index.php\/wp-json\/wp\/v2\/pages\/16","targetHints":{"allow":["GET"]}}],"collection":[{"href":"https:\/\/www.plvk.fi\/index.php\/wp-json\/wp\/v2\/pages"}],"about":[{"href":"https:\/\/www.plvk.fi\/index.php\/wp-json\/wp\/v2\/types\/page"}],"author":[{"embeddable":true,"href":"https:\/\/www.plvk.fi\/index.php\/wp-json\/wp\/v2\/users\/3"}],"replies":[{"embeddable":true,"href":"https:\/\/www.plvk.fi\/index.php\/wp-json\/wp\/v2\/comments?post=16"}],"version-history":[{"count":90,"href":"https:\/\/www.plvk.fi\/index.php\/wp-json\/wp\/v2\/pages\/16\/revisions"}],"predecessor-version":[{"id":3990,"href":"https:\/\/www.plvk.fi\/index.php\/wp-json\/wp\/v2\/pages\/16\/revisions\/3990"}],"up":[{"embeddable":true,"href":"https:\/\/www.plvk.fi\/index.php\/wp-json\/wp\/v2\/pages\/1890"}],"wp:attachment":[{"href":"https:\/\/www.plvk.fi\/index.php\/wp-json\/wp\/v2\/media?parent=16"}],"curies":[{"name":"wp","href":"https:\/\/api.w.org\/{rel}","templated":true}]}}