{"id":17,"date":"2022-01-22T18:13:35","date_gmt":"2022-01-22T16:13:35","guid":{"rendered":"https:\/\/www.plvk.fi\/?page_id=17"},"modified":"2026-01-17T17:33:20","modified_gmt":"2026-01-17T15:33:20","slug":"liity-jaseneksi","status":"publish","type":"page","link":"https:\/\/www.plvk.fi\/index.php\/liity-jaseneksi\/","title":{"rendered":"Liity j\u00e4seneksi"},"content":{"rendered":"\t\t<div data-elementor-type=\"wp-page\" data-elementor-id=\"17\" class=\"elementor elementor-17\" data-elementor-post-type=\"page\">\n\t\t\t\t<div class=\"elementor-element elementor-element-775f191 e-flex e-con-boxed e-con e-parent\" data-id=\"775f191\" data-element_type=\"container\" data-e-type=\"container\">\n\t\t\t\t\t<div class=\"e-con-inner\">\n\t\t\t\t<div class=\"elementor-element elementor-element-e05ea70 elementor-widget elementor-widget-image\" data-id=\"e05ea70\" data-element_type=\"widget\" data-e-type=\"widget\" data-widget_type=\"image.default\">\n\t\t\t\t<div class=\"elementor-widget-container\">\n\t\t\t\t\t\t\t\t\t\t\t\t\t\t\t<img fetchpriority=\"high\" decoding=\"async\" width=\"2048\" height=\"620\" src=\"https:\/\/www.plvk.fi\/wp-content\/uploads\/2024\/01\/plvk_kuvitus_kiinnitys.jpg\" class=\"attachment-full size-full wp-image-2032\" alt=\"Kiinnitysk\u00f6ysi\u00e4 laiturissa\" srcset=\"https:\/\/www.plvk.fi\/wp-content\/uploads\/2024\/01\/plvk_kuvitus_kiinnitys.jpg 2048w, https:\/\/www.plvk.fi\/wp-content\/uploads\/2024\/01\/plvk_kuvitus_kiinnitys-220x67.jpg 220w, https:\/\/www.plvk.fi\/wp-content\/uploads\/2024\/01\/plvk_kuvitus_kiinnitys-575x174.jpg 575w, https:\/\/www.plvk.fi\/wp-content\/uploads\/2024\/01\/plvk_kuvitus_kiinnitys-300x91.jpg 300w, https:\/\/www.plvk.fi\/wp-content\/uploads\/2024\/01\/plvk_kuvitus_kiinnitys-1024x310.jpg 1024w, https:\/\/www.plvk.fi\/wp-content\/uploads\/2024\/01\/plvk_kuvitus_kiinnitys-768x233.jpg 768w, https:\/\/www.plvk.fi\/wp-content\/uploads\/2024\/01\/plvk_kuvitus_kiinnitys-1536x465.jpg 1536w\" sizes=\"(max-width: 2048px) 100vw, 2048px\" \/>\t\t\t\t\t\t\t\t\t\t\t\t\t\t\t<\/div>\n\t\t\t\t<\/div>\n\t\t\t\t<div class=\"elementor-element elementor-element-59b0eba0 elementor-widget elementor-widget-text-editor\" data-id=\"59b0eba0\" data-element_type=\"widget\" data-e-type=\"widget\" data-widget_type=\"text-editor.default\">\n\t\t\t\t<div class=\"elementor-widget-container\">\n\t\t\t\t\t\t\t\t\t\n<p>Tiedustele ensin <a href=\"\/index.php\/yhteystiedot\/\">toimistolta<\/a>, onko laiturissamme veneellesi sopiva paikka vapaana. T\u00e4yt\u00e4 sen j\u00e4lkeen alla oleva j\u00e4senlomake.<\/p>\n<p>T\u00e4ytt\u00e4m\u00e4ll\u00e4 ja l\u00e4hett\u00e4m\u00e4ll\u00e4 j\u00e4senhakemuslomakkeen, sitoudut noudattamaan Porslahden Venekerho ry:n s\u00e4\u00e4nt\u00f6j\u00e4 ja ohjeita sek\u00e4 maksamaan <a href=\"https:\/\/www.plvk.fi\/index.php\/jasenille\/hinnasto\/\">hinnastossa<\/a> kerrotut liittymis- ja j\u00e4senmaksut.<\/p>\n\n<div class=\"wpforms-container \" id=\"wpforms-73\"><form id=\"wpforms-form-73\" class=\"wpforms-validate wpforms-form wpforms-ajax-form\" data-formid=\"73\" method=\"post\" enctype=\"multipart\/form-data\" action=\"\/index.php\/wp-json\/wp\/v2\/pages\/17\" data-token=\"f61b1ff57c6c8d92926d17d60fece7f1\" data-token-time=\"1777511619\"><noscript class=\"wpforms-error-noscript\">Please enable JavaScript in your browser to complete this form.<\/noscript><div class=\"wpforms-field-container\"><div id=\"wpforms-73-field_2-container\" class=\"wpforms-field wpforms-field-name\" data-field-id=\"2\"><label class=\"wpforms-field-label\" for=\"wpforms-73-field_2\">Nimi <span class=\"wpforms-required-label\">*<\/span><\/label><input type=\"text\" id=\"wpforms-73-field_2\" class=\"wpforms-field-medium wpforms-field-required\" name=\"wpforms[fields][2]\" required><\/div><div id=\"wpforms-73-field_3-container\" class=\"wpforms-field wpforms-field-text\" data-field-id=\"3\"><label class=\"wpforms-field-label\" for=\"wpforms-73-field_3\">Syntym\u00e4aika <span class=\"wpforms-required-label\">*<\/span><\/label><input type=\"text\" id=\"wpforms-73-field_3\" class=\"wpforms-field-medium wpforms-field-required\" name=\"wpforms[fields][3]\" required><div class=\"wpforms-field-description\">pp.kk.vvvv<\/div><\/div><div id=\"wpforms-73-field_4-container\" class=\"wpforms-field wpforms-field-text\" data-field-id=\"4\"><label class=\"wpforms-field-label\" for=\"wpforms-73-field_4\">Hetun loppuosa <span class=\"wpforms-required-label\">*<\/span><\/label><input type=\"text\" id=\"wpforms-73-field_4\" class=\"wpforms-field-medium wpforms-field-required wpforms-limit-characters-enabled\" data-form-id=\"73\" data-field-id=\"4\" data-text-limit=\"5\" name=\"wpforms[fields][4]\" maxlength=\"5\" required><\/div><div id=\"wpforms-73-field_5-container\" class=\"wpforms-field wpforms-field-text\" data-field-id=\"5\"><label class=\"wpforms-field-label\" for=\"wpforms-73-field_5\">Katuosoite <span class=\"wpforms-required-label\">*<\/span><\/label><input type=\"text\" id=\"wpforms-73-field_5\" class=\"wpforms-field-medium wpforms-field-required\" name=\"wpforms[fields][5]\" required><\/div><div id=\"wpforms-73-field_7-container\" class=\"wpforms-field wpforms-field-text\" data-field-id=\"7\"><label class=\"wpforms-field-label\" for=\"wpforms-73-field_7\">Postinumero <span class=\"wpforms-required-label\">*<\/span><\/label><input type=\"text\" id=\"wpforms-73-field_7\" class=\"wpforms-field-medium wpforms-field-required wpforms-limit-characters-enabled\" data-form-id=\"73\" data-field-id=\"7\" data-text-limit=\"10\" name=\"wpforms[fields][7]\" maxlength=\"10\" required><\/div><div id=\"wpforms-73-field_8-container\" class=\"wpforms-field wpforms-field-text\" data-field-id=\"8\"><label class=\"wpforms-field-label\" for=\"wpforms-73-field_8\">Postitoimipaikka <span class=\"wpforms-required-label\">*<\/span><\/label><input type=\"text\" id=\"wpforms-73-field_8\" class=\"wpforms-field-medium wpforms-field-required\" name=\"wpforms[fields][8]\" required><\/div><div id=\"wpforms-73-field_10-container\" class=\"wpforms-field wpforms-field-email\" data-field-id=\"10\"><label class=\"wpforms-field-label\" for=\"wpforms-73-field_10\">S\u00e4hk\u00f6postiosoite <span class=\"wpforms-required-label\">*<\/span><\/label><input type=\"email\" id=\"wpforms-73-field_10\" class=\"wpforms-field-medium wpforms-field-required\" name=\"wpforms[fields][10]\" spellcheck=\"false\" required><\/div><div id=\"wpforms-73-field_9-container\" class=\"wpforms-field wpforms-field-text\" data-field-id=\"9\"><label class=\"wpforms-field-label\" for=\"wpforms-73-field_9\">Puhelin <span class=\"wpforms-required-label\">*<\/span><\/label><input type=\"text\" id=\"wpforms-73-field_9\" class=\"wpforms-field-medium wpforms-field-required\" name=\"wpforms[fields][9]\" required><\/div><div id=\"wpforms-73-field_32-container\" class=\"wpforms-field wpforms-field-radio\" data-field-id=\"32\"><label class=\"wpforms-field-label\">Venetyyppi<\/label><ul id=\"wpforms-73-field_32\"><li class=\"choice-1 depth-1\"><input type=\"radio\" id=\"wpforms-73-field_32_1\" name=\"wpforms[fields][32]\" value=\"Moottorivene\"  ><label class=\"wpforms-field-label-inline\" for=\"wpforms-73-field_32_1\">Moottorivene<\/label><\/li><li class=\"choice-2 depth-1\"><input type=\"radio\" id=\"wpforms-73-field_32_2\" name=\"wpforms[fields][32]\" value=\"Purjevene\"  ><label class=\"wpforms-field-label-inline\" for=\"wpforms-73-field_32_2\">Purjevene<\/label><\/li><\/ul><\/div><div id=\"wpforms-73-field_12-container\" class=\"wpforms-field wpforms-field-text\" data-field-id=\"12\"><label class=\"wpforms-field-label\" for=\"wpforms-73-field_12\">Rekisterinumero<\/label><input type=\"text\" id=\"wpforms-73-field_12\" class=\"wpforms-field-medium\" name=\"wpforms[fields][12]\" ><\/div><div id=\"wpforms-73-field_13-container\" class=\"wpforms-field wpforms-field-text\" data-field-id=\"13\"><label class=\"wpforms-field-label\" for=\"wpforms-73-field_13\">Pituus (m)<\/label><input type=\"text\" id=\"wpforms-73-field_13\" class=\"wpforms-field-medium\" name=\"wpforms[fields][13]\" ><\/div><div id=\"wpforms-73-field_14-container\" class=\"wpforms-field wpforms-field-text\" data-field-id=\"14\"><label class=\"wpforms-field-label\" for=\"wpforms-73-field_14\">Leveys (m)<\/label><input type=\"text\" id=\"wpforms-73-field_14\" class=\"wpforms-field-medium\" name=\"wpforms[fields][14]\" ><\/div><div id=\"wpforms-73-field_15-container\" class=\"wpforms-field wpforms-field-text\" data-field-id=\"15\"><label class=\"wpforms-field-label\" for=\"wpforms-73-field_15\">Syv\u00e4ys (m)<\/label><input type=\"text\" id=\"wpforms-73-field_15\" class=\"wpforms-field-medium\" name=\"wpforms[fields][15]\" ><\/div><div id=\"wpforms-73-field_16-container\" class=\"wpforms-field wpforms-field-text\" data-field-id=\"16\"><label class=\"wpforms-field-label\" for=\"wpforms-73-field_16\">Paino (t)<\/label><input type=\"text\" id=\"wpforms-73-field_16\" class=\"wpforms-field-medium\" name=\"wpforms[fields][16]\" ><\/div><div id=\"wpforms-73-field_17-container\" class=\"wpforms-field wpforms-field-text\" data-field-id=\"17\"><label class=\"wpforms-field-label\" for=\"wpforms-73-field_17\">Veneen nimi<\/label><input type=\"text\" id=\"wpforms-73-field_17\" class=\"wpforms-field-medium\" name=\"wpforms[fields][17]\" ><\/div><div id=\"wpforms-73-field_18-container\" class=\"wpforms-field wpforms-field-text\" data-field-id=\"18\"><label class=\"wpforms-field-label\" for=\"wpforms-73-field_18\">Valmistaja<\/label><input type=\"text\" id=\"wpforms-73-field_18\" class=\"wpforms-field-medium\" name=\"wpforms[fields][18]\" ><\/div><div id=\"wpforms-73-field_19-container\" class=\"wpforms-field wpforms-field-text\" data-field-id=\"19\"><label class=\"wpforms-field-label\" for=\"wpforms-73-field_19\">Valmistusmaa<\/label><input type=\"text\" id=\"wpforms-73-field_19\" class=\"wpforms-field-medium\" name=\"wpforms[fields][19]\" ><\/div><div id=\"wpforms-73-field_22-container\" class=\"wpforms-field wpforms-field-select wpforms-field-select-style-classic\" data-field-id=\"22\"><label class=\"wpforms-field-label\" for=\"wpforms-73-field_22\">Materiaali<\/label><select id=\"wpforms-73-field_22\" class=\"wpforms-field-medium\" name=\"wpforms[fields][22]\"><option value=\"Lujitemuovi\"  class=\"choice-1 depth-1\"  >Lujitemuovi<\/option><option value=\"Metalli\"  class=\"choice-2 depth-1\"  >Metalli<\/option><option value=\"Puu\"  class=\"choice-3 depth-1\"  >Puu<\/option><option value=\"Muu\"  class=\"choice-4 depth-1\"  >Muu<\/option><\/select><\/div><div id=\"wpforms-73-field_20-container\" class=\"wpforms-field wpforms-field-text\" data-field-id=\"20\"><label class=\"wpforms-field-label\" for=\"wpforms-73-field_20\">Rungon v\u00e4ri<\/label><input type=\"text\" id=\"wpforms-73-field_20\" class=\"wpforms-field-medium\" name=\"wpforms[fields][20]\" ><\/div><div id=\"wpforms-73-field_21-container\" class=\"wpforms-field wpforms-field-text\" data-field-id=\"21\"><label class=\"wpforms-field-label\" for=\"wpforms-73-field_21\">Vakuutusyhti\u00f6<\/label><input type=\"text\" id=\"wpforms-73-field_21\" class=\"wpforms-field-medium\" name=\"wpforms[fields][21]\" ><\/div><div id=\"wpforms-73-field_23-container\" class=\"wpforms-field wpforms-field-text\" data-field-id=\"23\"><label class=\"wpforms-field-label\" for=\"wpforms-73-field_23\">Valmistusvuosi<\/label><input type=\"text\" id=\"wpforms-73-field_23\" class=\"wpforms-field-medium\" name=\"wpforms[fields][23]\" ><\/div><div id=\"wpforms-73-field_26-container\" class=\"wpforms-field wpforms-field-radio\" data-field-id=\"26\"><label class=\"wpforms-field-label\">Moottorityyppi<\/label><ul id=\"wpforms-73-field_26\"><li class=\"choice-1 depth-1\"><input type=\"radio\" id=\"wpforms-73-field_26_1\" name=\"wpforms[fields][26]\" value=\"Sis\u00e4moottori\"  ><label class=\"wpforms-field-label-inline\" for=\"wpforms-73-field_26_1\">Sis\u00e4moottori<\/label><\/li><li class=\"choice-2 depth-1\"><input type=\"radio\" id=\"wpforms-73-field_26_2\" name=\"wpforms[fields][26]\" value=\"Sis\u00e4per\u00e4moottori\"  ><label class=\"wpforms-field-label-inline\" for=\"wpforms-73-field_26_2\">Sis\u00e4per\u00e4moottori<\/label><\/li><li class=\"choice-3 depth-1\"><input type=\"radio\" id=\"wpforms-73-field_26_3\" name=\"wpforms[fields][26]\" value=\"Per\u00e4moottori\"  ><label class=\"wpforms-field-label-inline\" for=\"wpforms-73-field_26_3\">Per\u00e4moottori<\/label><\/li><\/ul><\/div><div id=\"wpforms-73-field_24-container\" class=\"wpforms-field wpforms-field-text\" data-field-id=\"24\"><label class=\"wpforms-field-label\" for=\"wpforms-73-field_24\">Moottoriteho (kW)<\/label><input type=\"text\" id=\"wpforms-73-field_24\" class=\"wpforms-field-medium\" name=\"wpforms[fields][24]\" ><\/div><div id=\"wpforms-73-field_33-container\" class=\"wpforms-field wpforms-field-radio\" data-field-id=\"33\"><label class=\"wpforms-field-label\">Sallin nimeni ja puhelinnumeroni n\u00e4ytt\u00e4misen Kerhosovelluksessa<\/label><ul id=\"wpforms-73-field_33\"><li class=\"choice-1 depth-1 wpforms-selected\"><input type=\"radio\" id=\"wpforms-73-field_33_1\" name=\"wpforms[fields][33]\" value=\"Kyll\u00e4\"   checked='checked'><label class=\"wpforms-field-label-inline\" for=\"wpforms-73-field_33_1\">Kyll\u00e4<\/label><\/li><li class=\"choice-2 depth-1\"><input type=\"radio\" id=\"wpforms-73-field_33_2\" name=\"wpforms[fields][33]\" value=\"En\"  ><label class=\"wpforms-field-label-inline\" for=\"wpforms-73-field_33_2\">En<\/label><\/li><\/ul><div class=\"wpforms-field-description\">Lupa mahdollistaa sen, ett\u00e4 kuka tahansa kerhon j\u00e4sen voi olla sinuun yhteydess\u00e4 esimerkiksi veneesi vauriotilanteessa.<\/div><\/div><div id=\"wpforms-73-field_27-container\" class=\"wpforms-field wpforms-field-textarea\" data-field-id=\"27\"><label class=\"wpforms-field-label\" for=\"wpforms-73-field_27\">Lis\u00e4tiedot<\/label><textarea id=\"wpforms-73-field_27\" class=\"wpforms-field-medium\" name=\"wpforms[fields][27]\" ><\/textarea><\/div><\/div><!-- .wpforms-field-container --><div class=\"wpforms-recaptcha-container wpforms-is-hcaptcha\" ><div class=\"h-captcha\" data-sitekey=\"992146ce-9858-4697-a792-2c1148ce7e8e\"><\/div><input type=\"text\" name=\"g-recaptcha-hidden\" class=\"wpforms-recaptcha-hidden\" style=\"position:absolute!important;clip:rect(0,0,0,0)!important;height:1px!important;width:1px!important;border:0!important;overflow:hidden!important;padding:0!important;margin:0!important;\" data-rule-hcaptcha=\"1\"><\/div><div class=\"wpforms-submit-container\" ><input type=\"hidden\" name=\"wpforms[id]\" value=\"73\"><input type=\"hidden\" name=\"page_title\" value=\"\"><input type=\"hidden\" name=\"page_url\" value=\"https:\/\/www.plvk.fi\/index.php\/wp-json\/wp\/v2\/pages\/17\"><input type=\"hidden\" name=\"url_referer\" value=\"\"><button type=\"submit\" name=\"wpforms[submit]\" id=\"wpforms-submit-73\" class=\"wpforms-submit\" data-alt-text=\"L\u00e4hetet\u00e4\u00e4n...\" data-submit-text=\"L\u00e4het\u00e4 hakemus\" aria-live=\"assertive\" value=\"wpforms-submit\">L\u00e4het\u00e4 hakemus<\/button><img decoding=\"async\" src=\"https:\/\/www.plvk.fi\/wp-content\/plugins\/wpforms-lite\/assets\/images\/submit-spin.svg\" class=\"wpforms-submit-spinner\" style=\"display: none;\" width=\"26\" height=\"26\" alt=\"Loading\"><\/div><\/form><\/div>  <!-- .wpforms-container -->\n\t\t\t\t\t\t\t\t<\/div>\n\t\t\t\t<\/div>\n\t\t\t\t\t<\/div>\n\t\t\t\t<\/div>\n\t\t\t\t<\/div>\n\t\t","protected":false},"excerpt":{"rendered":"<p>Tiedustele ensin toimistolta, onko laiturissamme veneellesi sopiva paikka vapaana. T\u00e4yt\u00e4 sen j\u00e4lkeen alla oleva j\u00e4senlomake. T\u00e4ytt\u00e4m\u00e4ll\u00e4 ja l\u00e4hett\u00e4m\u00e4ll\u00e4 j\u00e4senhakemuslomakkeen, sitoudut noudattamaan Porslahden Venekerho ry:n s\u00e4\u00e4nt\u00f6j\u00e4 ja ohjeita sek\u00e4 maksamaan hinnastossa [&hellip;]<\/p>\n","protected":false},"author":3,"featured_media":0,"parent":0,"menu_order":0,"comment_status":"closed","ping_status":"closed","template":"","meta":{"site-sidebar-layout":"default","site-content-layout":"","ast-site-content-layout":"default","site-content-style":"default","site-sidebar-style":"default","ast-global-header-display":"","ast-banner-title-visibility":"","ast-main-header-display":"","ast-hfb-above-header-display":"","ast-hfb-below-header-display":"","ast-hfb-mobile-header-display":"","site-post-title":"","ast-breadcrumbs-content":"","ast-featured-img":"","footer-sml-layout":"","ast-disable-related-posts":"","theme-transparent-header-meta":"","adv-header-id-meta":"","stick-header-meta":"","header-above-stick-meta":"","header-main-stick-meta":"","header-below-stick-meta":"","astra-migrate-meta-layouts":"set","ast-page-background-enabled":"default","ast-page-background-meta":{"desktop":{"background-color":"var(--ast-global-color-4)","background-image":"","background-repeat":"repeat","background-position":"center center","background-size":"auto","background-attachment":"scroll","background-type":"","background-media":"","overlay-type":"","overlay-color":"","overlay-opacity":"","overlay-gradient":""},"tablet":{"background-color":"","background-image":"","background-repeat":"repeat","background-position":"center center","background-size":"auto","background-attachment":"scroll","background-type":"","background-media":"","overlay-type":"","overlay-color":"","overlay-opacity":"","overlay-gradient":""},"mobile":{"background-color":"","background-image":"","background-repeat":"repeat","background-position":"center center","background-size":"auto","background-attachment":"scroll","background-type":"","background-media":"","overlay-type":"","overlay-color":"","overlay-opacity":"","overlay-gradient":""}},"ast-content-background-meta":{"desktop":{"background-color":"var(--ast-global-color-5)","background-image":"","background-repeat":"repeat","background-position":"center center","background-size":"auto","background-attachment":"scroll","background-type":"","background-media":"","overlay-type":"","overlay-color":"","overlay-opacity":"","overlay-gradient":""},"tablet":{"background-color":"var(--ast-global-color-5)","background-image":"","background-repeat":"repeat","background-position":"center center","background-size":"auto","background-attachment":"scroll","background-type":"","background-media":"","overlay-type":"","overlay-color":"","overlay-opacity":"","overlay-gradient":""},"mobile":{"background-color":"var(--ast-global-color-5)","background-image":"","background-repeat":"repeat","background-position":"center center","background-size":"auto","background-attachment":"scroll","background-type":"","background-media":"","overlay-type":"","overlay-color":"","overlay-opacity":"","overlay-gradient":""}},"footnotes":""},"class_list":["post-17","page","type-page","status-publish","hentry"],"_links":{"self":[{"href":"https:\/\/www.plvk.fi\/index.php\/wp-json\/wp\/v2\/pages\/17","targetHints":{"allow":["GET"]}}],"collection":[{"href":"https:\/\/www.plvk.fi\/index.php\/wp-json\/wp\/v2\/pages"}],"about":[{"href":"https:\/\/www.plvk.fi\/index.php\/wp-json\/wp\/v2\/types\/page"}],"author":[{"embeddable":true,"href":"https:\/\/www.plvk.fi\/index.php\/wp-json\/wp\/v2\/users\/3"}],"replies":[{"embeddable":true,"href":"https:\/\/www.plvk.fi\/index.php\/wp-json\/wp\/v2\/comments?post=17"}],"version-history":[{"count":28,"href":"https:\/\/www.plvk.fi\/index.php\/wp-json\/wp\/v2\/pages\/17\/revisions"}],"predecessor-version":[{"id":3997,"href":"https:\/\/www.plvk.fi\/index.php\/wp-json\/wp\/v2\/pages\/17\/revisions\/3997"}],"wp:attachment":[{"href":"https:\/\/www.plvk.fi\/index.php\/wp-json\/wp\/v2\/media?parent=17"}],"curies":[{"name":"wp","href":"https:\/\/api.w.org\/{rel}","templated":true}]}}