{"id":173,"date":"2022-10-27T11:51:55","date_gmt":"2022-10-27T08:51:55","guid":{"rendered":"https:\/\/www.plvk.fi\/?page_id=173"},"modified":"2025-04-30T12:31:02","modified_gmt":"2025-04-30T09:31:02","slug":"jatehuolto","status":"publish","type":"page","link":"https:\/\/www.plvk.fi\/index.php\/ohjeet\/jatehuolto\/","title":{"rendered":"J\u00e4tehuolto"},"content":{"rendered":"\t\t<div data-elementor-type=\"wp-page\" data-elementor-id=\"173\" class=\"elementor elementor-173\" data-elementor-post-type=\"page\">\n\t\t\t\t<div class=\"elementor-element elementor-element-2b60f4b e-flex e-con-boxed e-con e-parent\" data-id=\"2b60f4b\" data-element_type=\"container\" data-e-type=\"container\">\n\t\t\t\t\t<div class=\"e-con-inner\">\n\t\t\t\t<div class=\"elementor-element elementor-element-2c1d468 elementor-widget elementor-widget-image\" data-id=\"2c1d468\" data-element_type=\"widget\" data-e-type=\"widget\" data-widget_type=\"image.default\">\n\t\t\t\t<div class=\"elementor-widget-container\">\n\t\t\t\t\t\t\t\t\t\t\t\t\t\t\t<img fetchpriority=\"high\" decoding=\"async\" width=\"2048\" height=\"620\" src=\"https:\/\/www.plvk.fi\/wp-content\/uploads\/2024\/01\/plvk_kuvitus_poiju.jpg\" class=\"attachment-full size-full wp-image-2198\" alt=\"Poijupaikka\" srcset=\"https:\/\/www.plvk.fi\/wp-content\/uploads\/2024\/01\/plvk_kuvitus_poiju.jpg 2048w, https:\/\/www.plvk.fi\/wp-content\/uploads\/2024\/01\/plvk_kuvitus_poiju-220x67.jpg 220w, https:\/\/www.plvk.fi\/wp-content\/uploads\/2024\/01\/plvk_kuvitus_poiju-575x174.jpg 575w, https:\/\/www.plvk.fi\/wp-content\/uploads\/2024\/01\/plvk_kuvitus_poiju-300x91.jpg 300w, https:\/\/www.plvk.fi\/wp-content\/uploads\/2024\/01\/plvk_kuvitus_poiju-1024x310.jpg 1024w, https:\/\/www.plvk.fi\/wp-content\/uploads\/2024\/01\/plvk_kuvitus_poiju-768x233.jpg 768w, https:\/\/www.plvk.fi\/wp-content\/uploads\/2024\/01\/plvk_kuvitus_poiju-1536x465.jpg 1536w\" sizes=\"(max-width: 2048px) 100vw, 2048px\" \/>\t\t\t\t\t\t\t\t\t\t\t\t\t\t\t<\/div>\n\t\t\t\t<\/div>\n\t\t\t\t\t<\/div>\n\t\t\t\t<\/div>\n\t\t<div class=\"elementor-element elementor-element-2aa126f e-flex e-con-boxed e-con e-parent\" data-id=\"2aa126f\" data-element_type=\"container\" data-e-type=\"container\">\n\t\t\t\t\t<div class=\"e-con-inner\">\n\t\t<div class=\"elementor-element elementor-element-bde57ec e-con-full e-flex e-con e-child\" data-id=\"bde57ec\" data-element_type=\"container\" data-e-type=\"container\">\n\t\t\t\t<div class=\"elementor-element elementor-element-29a7b24 elementor-widget elementor-widget-text-editor\" data-id=\"29a7b24\" data-element_type=\"widget\" data-e-type=\"widget\" data-widget_type=\"text-editor.default\">\n\t\t\t\t<div class=\"elementor-widget-container\">\n\t\t\t\t\t\t\t\t\t<h3>Ongelmaj\u00e4tekontti<\/h3>\n<p><!-- \/wp:heading --><!-- wp:paragraph --><\/p>\n<p>Avain konttiin l\u00f6ytyy kerhotalon ilmoitustaululta.<\/p>\n<p><!-- \/wp:paragraph --><!-- wp:paragraph --><\/p>\n<p>J\u00e4tekontissa on kaksi astiaa j\u00e4te\u00f6ljyille ja kaksi astiaa j\u00e4\u00e4hdytinnesteille (eli glykoleille\/pakkasnesteille). Tynnyrit ovat selke\u00e4sti merkattu eik\u00e4 sekoittumisen vaaraa pit\u00e4isi olla.<\/p>\n<p>Kontissa on my\u00f6s astia suodattimille ja kaksi laatikkoa akuille.<\/p>\n<p><!-- \/wp:paragraph --><!-- wp:paragraph --><\/p>\n<p>Tyhj\u00e4t purkit kuuluvat sekaj\u00e4teastiaan. Niit\u00e4 ei pid\u00e4 j\u00e4tt\u00e4\u00e4 j\u00e4tekonttiin.<\/p>\n<p><!-- \/wp:paragraph --><!-- wp:paragraph --><\/p>\n<p>Ongelmaj\u00e4tteet, joille ei ole j\u00e4tekontissa paikkaa, tulee toimittaa asianomaisiin kierr\u00e4tyspisteisiin <br \/><a href=\"https:\/\/www.hsy.fi\/jatteet-ja-kierratys\/lajittelu\/vaarallinen-jate\/\" target=\"_blank\" rel=\"noreferrer noopener\">https:\/\/www.hsy.fi\/jatteet-ja-kierratys\/lajittelu\/vaarallinen-jate\/<\/a><\/p>\n<p class=\"western\">Astioita <b>EI SAA<\/b> t\u00e4ytt\u00e4\u00e4 liian t\u00e4yteen, konttiin tai kontin ulkopuolelle <b>EI SAA J\u00c4TT\u00c4\u00c4<\/b> \u00f6ljy\u00e4 ja glygolia omissa astioissa. J\u00e4tekontin ker\u00e4ysastioiden ollessa t\u00e4ysi\u00e4, toimita \u00f6ljyt ja glygolit oman paikkakuntasi Sorttiasemalle.<\/p>\t\t\t\t\t\t\t\t<\/div>\n\t\t\t\t<\/div>\n\t\t\t\t<\/div>\n\t\t<div class=\"elementor-element elementor-element-18e9d7a e-con-full e-flex e-con e-child\" data-id=\"18e9d7a\" data-element_type=\"container\" data-e-type=\"container\">\n\t\t\t\t<div class=\"elementor-element elementor-element-919a426 elementor-widget elementor-widget-image\" data-id=\"919a426\" data-element_type=\"widget\" data-e-type=\"widget\" data-widget_type=\"image.default\">\n\t\t\t\t<div class=\"elementor-widget-container\">\n\t\t\t\t\t\t\t\t\t\t\t\t\t\t\t<img decoding=\"async\" width=\"300\" height=\"300\" src=\"https:\/\/www.plvk.fi\/wp-content\/uploads\/2024\/04\/plvk_jatekontti_800px.jpg\" class=\"attachment-medium size-medium wp-image-2943\" alt=\"J\u00e4tekontti\" \/>\t\t\t\t\t\t\t\t\t\t\t\t\t\t\t<\/div>\n\t\t\t\t<\/div>\n\t\t\t\t<\/div>\n\t\t\t\t\t<\/div>\n\t\t\t\t<\/div>\n\t\t<div class=\"elementor-element elementor-element-e86688f e-flex e-con-boxed e-con e-parent\" data-id=\"e86688f\" data-element_type=\"container\" data-e-type=\"container\">\n\t\t\t\t\t<div class=\"e-con-inner\">\n\t\t\t\t<div class=\"elementor-element elementor-element-fee884f elementor-widget elementor-widget-text-editor\" data-id=\"fee884f\" data-element_type=\"widget\" data-e-type=\"widget\" data-widget_type=\"text-editor.default\">\n\t\t\t\t<div class=\"elementor-widget-container\">\n\t\t\t\t\t\t\t\t\t<h3>Sekaj\u00e4teastia (molok)<\/h3>\n<p><!-- \/wp:heading --><!-- wp:paragraph --><\/p>\n<p>Kerhotalon takana olevassa h\u00e4kiss\u00e4 oleva sekaj\u00e4teastia on tarkoitettu kerhon j\u00e4senten k\u00e4yt\u00f6ss\u00e4 veneilyst\u00e4 syntyneisiin roskiin. Sinne eiv\u00e4t kuulu m\u00f6kkien roskat saati kodin j\u00e4tteet. N\u00e4m\u00e4 pit\u00e4\u00e4 toimittaa asianomaisiin ker\u00e4yspisteisiin itse.<\/p>\t\t\t\t\t\t\t\t<\/div>\n\t\t\t\t<\/div>\n\t\t\t\t\t<\/div>\n\t\t\t\t<\/div>\n\t\t<div class=\"elementor-element elementor-element-60cb2c4 e-flex e-con-boxed e-con e-parent\" data-id=\"60cb2c4\" data-element_type=\"container\" data-e-type=\"container\">\n\t\t\t\t\t<div class=\"e-con-inner\">\n\t\t\t\t<div class=\"elementor-element elementor-element-eaa9759 elementor-widget elementor-widget-text-editor\" data-id=\"eaa9759\" data-element_type=\"widget\" data-e-type=\"widget\" data-widget_type=\"text-editor.default\">\n\t\t\t\t<div class=\"elementor-widget-container\">\n\t\t\t\t\t\t\t\t\t<p style=\"text-align: center;\">J\u00e4tehuolto | <a href=\"https:\/\/www.plvk.fi\/index.php\/katsastusohjeet\/\">Katsastus<\/a> | <a href=\"https:\/\/www.plvk.fi\/index.php\/jasenille\/kerhosovellus\/\" data-type=\"page\" data-id=\"19\">Kerhosovelluksen k\u00e4ytt\u00f6<\/a> | <a href=\"https:\/\/spv.fi\/matkaveneily\/liputus\/\" target=\"_blank\" rel=\"noreferrer noopener\">Liputus <\/a>(SPV) | <a href=\"https:\/\/www.plvk.fi\/index.php\/vartiointi\/\">Vartiointip\u00e4iv\u00e4kirjan k\u00e4ytt\u00f6<\/a> | <a href=\"https:\/\/www.plvk.fi\/index.php\/yhteislasku\/\">Yhteislasku<\/a> | <a href=\"https:\/\/www.plvk.fi\/index.php\/yhteisnosto\/\">Yhteisnosto<\/a> | <a href=\"https:\/\/www.plvk.fi\/index.php\/jasenille\/saannot\/\" data-type=\"page\" data-id=\"19\">S\u00e4\u00e4nn\u00f6t<\/a><\/p>\t\t\t\t\t\t\t\t<\/div>\n\t\t\t\t<\/div>\n\t\t\t\t\t<\/div>\n\t\t\t\t<\/div>\n\t\t\t\t<\/div>\n\t\t","protected":false},"excerpt":{"rendered":"<p>Ongelmaj\u00e4tekontti Avain konttiin l\u00f6ytyy kerhotalon ilmoitustaululta. J\u00e4tekontissa on kaksi astiaa j\u00e4te\u00f6ljyille ja kaksi astiaa j\u00e4\u00e4hdytinnesteille (eli glykoleille\/pakkasnesteille). Tynnyrit ovat selke\u00e4sti merkattu eik\u00e4 sekoittumisen vaaraa pit\u00e4isi olla. Kontissa on my\u00f6s astia [&hellip;]<\/p>\n","protected":false},"author":3,"featured_media":0,"parent":3462,"menu_order":1,"comment_status":"closed","ping_status":"closed","template":"","meta":{"site-sidebar-layout":"default","site-content-layout":"","ast-site-content-layout":"default","site-content-style":"default","site-sidebar-style":"default","ast-global-header-display":"","ast-banner-title-visibility":"","ast-main-header-display":"","ast-hfb-above-header-display":"","ast-hfb-below-header-display":"","ast-hfb-mobile-header-display":"","site-post-title":"","ast-breadcrumbs-content":"","ast-featured-img":"","footer-sml-layout":"","ast-disable-related-posts":"","theme-transparent-header-meta":"","adv-header-id-meta":"","stick-header-meta":"","header-above-stick-meta":"","header-main-stick-meta":"","header-below-stick-meta":"","astra-migrate-meta-layouts":"default","ast-page-background-enabled":"default","ast-page-background-meta":{"desktop":{"background-color":"var(--ast-global-color-4)","background-image":"","background-repeat":"repeat","background-position":"center center","background-size":"auto","background-attachment":"scroll","background-type":"","background-media":"","overlay-type":"","overlay-color":"","overlay-opacity":"","overlay-gradient":""},"tablet":{"background-color":"","background-image":"","background-repeat":"repeat","background-position":"center center","background-size":"auto","background-attachment":"scroll","background-type":"","background-media":"","overlay-type":"","overlay-color":"","overlay-opacity":"","overlay-gradient":""},"mobile":{"background-color":"","background-image":"","background-repeat":"repeat","background-position":"center center","background-size":"auto","background-attachment":"scroll","background-type":"","background-media":"","overlay-type":"","overlay-color":"","overlay-opacity":"","overlay-gradient":""}},"ast-content-background-meta":{"desktop":{"background-color":"var(--ast-global-color-5)","background-image":"","background-repeat":"repeat","background-position":"center center","background-size":"auto","background-attachment":"scroll","background-type":"","background-media":"","overlay-type":"","overlay-color":"","overlay-opacity":"","overlay-gradient":""},"tablet":{"background-color":"var(--ast-global-color-5)","background-image":"","background-repeat":"repeat","background-position":"center center","background-size":"auto","background-attachment":"scroll","background-type":"","background-media":"","overlay-type":"","overlay-color":"","overlay-opacity":"","overlay-gradient":""},"mobile":{"background-color":"var(--ast-global-color-5)","background-image":"","background-repeat":"repeat","background-position":"center center","background-size":"auto","background-attachment":"scroll","background-type":"","background-media":"","overlay-type":"","overlay-color":"","overlay-opacity":"","overlay-gradient":""}},"footnotes":""},"class_list":["post-173","page","type-page","status-publish","hentry"],"_links":{"self":[{"href":"https:\/\/www.plvk.fi\/index.php\/wp-json\/wp\/v2\/pages\/173","targetHints":{"allow":["GET"]}}],"collection":[{"href":"https:\/\/www.plvk.fi\/index.php\/wp-json\/wp\/v2\/pages"}],"about":[{"href":"https:\/\/www.plvk.fi\/index.php\/wp-json\/wp\/v2\/types\/page"}],"author":[{"embeddable":true,"href":"https:\/\/www.plvk.fi\/index.php\/wp-json\/wp\/v2\/users\/3"}],"replies":[{"embeddable":true,"href":"https:\/\/www.plvk.fi\/index.php\/wp-json\/wp\/v2\/comments?post=173"}],"version-history":[{"count":27,"href":"https:\/\/www.plvk.fi\/index.php\/wp-json\/wp\/v2\/pages\/173\/revisions"}],"predecessor-version":[{"id":3726,"href":"https:\/\/www.plvk.fi\/index.php\/wp-json\/wp\/v2\/pages\/173\/revisions\/3726"}],"up":[{"embeddable":true,"href":"https:\/\/www.plvk.fi\/index.php\/wp-json\/wp\/v2\/pages\/3462"}],"wp:attachment":[{"href":"https:\/\/www.plvk.fi\/index.php\/wp-json\/wp\/v2\/media?parent=173"}],"curies":[{"name":"wp","href":"https:\/\/api.w.org\/{rel}","templated":true}]}}