{"id":19,"date":"2022-01-22T18:13:35","date_gmt":"2022-01-22T16:13:35","guid":{"rendered":"https:\/\/www.plvk.fi\/?page_id=19"},"modified":"2025-04-30T12:13:38","modified_gmt":"2025-04-30T09:13:38","slug":"saannot","status":"publish","type":"page","link":"https:\/\/www.plvk.fi\/index.php\/jasenille\/saannot\/","title":{"rendered":"S\u00e4\u00e4nn\u00f6t"},"content":{"rendered":"\t\t<div data-elementor-type=\"wp-page\" data-elementor-id=\"19\" class=\"elementor elementor-19\" data-elementor-post-type=\"page\">\n\t\t\t\t<div class=\"elementor-element elementor-element-21805cef e-flex e-con-boxed e-con e-parent\" data-id=\"21805cef\" data-element_type=\"container\" data-e-type=\"container\">\n\t\t\t\t\t<div class=\"e-con-inner\">\n\t\t\t\t<div class=\"elementor-element elementor-element-2d78afd elementor-widget elementor-widget-image\" data-id=\"2d78afd\" data-element_type=\"widget\" data-e-type=\"widget\" data-widget_type=\"image.default\">\n\t\t\t\t<div class=\"elementor-widget-container\">\n\t\t\t\t\t\t\t\t\t\t\t\t\t\t\t<img fetchpriority=\"high\" decoding=\"async\" width=\"1024\" height=\"315\" src=\"https:\/\/www.plvk.fi\/wp-content\/uploads\/2024\/01\/plvk_kuvitus_hakki-1024x315.jpg\" class=\"attachment-large size-large wp-image-2158\" alt=\"Porslahden venekerho h\u00e4kki\" srcset=\"https:\/\/www.plvk.fi\/wp-content\/uploads\/2024\/01\/plvk_kuvitus_hakki-1024x315.jpg 1024w, https:\/\/www.plvk.fi\/wp-content\/uploads\/2024\/01\/plvk_kuvitus_hakki-220x68.jpg 220w, https:\/\/www.plvk.fi\/wp-content\/uploads\/2024\/01\/plvk_kuvitus_hakki-575x177.jpg 575w, https:\/\/www.plvk.fi\/wp-content\/uploads\/2024\/01\/plvk_kuvitus_hakki-300x92.jpg 300w, https:\/\/www.plvk.fi\/wp-content\/uploads\/2024\/01\/plvk_kuvitus_hakki-768x236.jpg 768w, https:\/\/www.plvk.fi\/wp-content\/uploads\/2024\/01\/plvk_kuvitus_hakki-1536x473.jpg 1536w, https:\/\/www.plvk.fi\/wp-content\/uploads\/2024\/01\/plvk_kuvitus_hakki.jpg 2048w\" sizes=\"(max-width: 1024px) 100vw, 1024px\" \/>\t\t\t\t\t\t\t\t\t\t\t\t\t\t\t<\/div>\n\t\t\t\t<\/div>\n\t\t\t\t<div class=\"elementor-element elementor-element-4b0f39d9 elementor-widget elementor-widget-text-editor\" data-id=\"4b0f39d9\" data-element_type=\"widget\" data-e-type=\"widget\" data-widget_type=\"text-editor.default\">\n\t\t\t\t<div class=\"elementor-widget-container\">\n\t\t\t\t\t\t\t\t\t<ol style=\"list-style-type: 1;\" start=\"1\">\n<li style=\"list-style-type: none;\">Uudistetut s\u00e4\u00e4nn\u00f6t on hyv\u00e4ksytty vuosikokouksessa 23.4.2025.<\/li>\n<\/ol>\n<p><!-- \/wp:paragraph --><\/p>\t\t\t\t\t\t\t\t<\/div>\n\t\t\t\t<\/div>\n\t\t\t\t\t<\/div>\n\t\t\t\t<\/div>\n\t\t<div class=\"elementor-element elementor-element-65a2ce3 e-flex e-con-boxed e-con e-parent\" data-id=\"65a2ce3\" data-element_type=\"container\" data-e-type=\"container\">\n\t\t\t\t\t<div class=\"e-con-inner\">\n\t\t\t\t<div class=\"elementor-element elementor-element-24bc5dc elementor-widget elementor-widget-text-editor\" data-id=\"24bc5dc\" data-element_type=\"widget\" data-e-type=\"widget\" data-widget_type=\"text-editor.default\">\n\t\t\t\t<div class=\"elementor-widget-container\">\n\t\t\t\t\t\t\t\t\t<p style=\"text-align: center;\"><a href=\"https:\/\/www.plvk.fi\/index.php\/jasenille\/saannot\/yhdistyksen-saantokirja\/\">Yhdistyksen viralliset s\u00e4\u00e4nn\u00f6t<\/a> | <a href=\"https:\/\/www.plvk.fi\/index.php\/eettiset-saannot\/\">Eettiset s\u00e4\u00e4nn\u00f6t<\/a> | <a href=\"https:\/\/www.plvk.fi\/index.php\/satamasaannot\/\">Satamas\u00e4\u00e4nn\u00f6t<\/a> | <a href=\"https:\/\/www.plvk.fi\/index.php\/jasenille\/saannot\/vartiosaannot\/\">Vartios\u00e4\u00e4nn\u00f6t<\/a> | <a href=\"https:\/\/www.plvk.fi\/index.php\/ohjeet\/\">Ohjeet<\/a><\/p>\t\t\t\t\t\t\t\t<\/div>\n\t\t\t\t<\/div>\n\t\t\t\t\t<\/div>\n\t\t\t\t<\/div>\n\t\t\t\t<\/div>\n\t\t","protected":false},"excerpt":{"rendered":"<p>Uudistetut s\u00e4\u00e4nn\u00f6t on hyv\u00e4ksytty vuosikokouksessa 23.4.2025. Yhdistyksen viralliset s\u00e4\u00e4nn\u00f6t | Eettiset s\u00e4\u00e4nn\u00f6t | Satamas\u00e4\u00e4nn\u00f6t | Vartios\u00e4\u00e4nn\u00f6t | Ohjeet<\/p>\n","protected":false},"author":2,"featured_media":0,"parent":1890,"menu_order":2,"comment_status":"closed","ping_status":"closed","template":"","meta":{"site-sidebar-layout":"default","site-content-layout":"","ast-site-content-layout":"default","site-content-style":"default","site-sidebar-style":"default","ast-global-header-display":"","ast-banner-title-visibility":"","ast-main-header-display":"","ast-hfb-above-header-display":"","ast-hfb-below-header-display":"","ast-hfb-mobile-header-display":"","site-post-title":"","ast-breadcrumbs-content":"","ast-featured-img":"","footer-sml-layout":"","ast-disable-related-posts":"","theme-transparent-header-meta":"","adv-header-id-meta":"","stick-header-meta":"","header-above-stick-meta":"","header-main-stick-meta":"","header-below-stick-meta":"","astra-migrate-meta-layouts":"set","ast-page-background-enabled":"default","ast-page-background-meta":{"desktop":{"background-color":"var(--ast-global-color-4)","background-image":"","background-repeat":"repeat","background-position":"center center","background-size":"auto","background-attachment":"scroll","background-type":"","background-media":"","overlay-type":"","overlay-color":"","overlay-opacity":"","overlay-gradient":""},"tablet":{"background-color":"","background-image":"","background-repeat":"repeat","background-position":"center center","background-size":"auto","background-attachment":"scroll","background-type":"","background-media":"","overlay-type":"","overlay-color":"","overlay-opacity":"","overlay-gradient":""},"mobile":{"background-color":"","background-image":"","background-repeat":"repeat","background-position":"center center","background-size":"auto","background-attachment":"scroll","background-type":"","background-media":"","overlay-type":"","overlay-color":"","overlay-opacity":"","overlay-gradient":""}},"ast-content-background-meta":{"desktop":{"background-color":"var(--ast-global-color-5)","background-image":"","background-repeat":"repeat","background-position":"center center","background-size":"auto","background-attachment":"scroll","background-type":"","background-media":"","overlay-type":"","overlay-color":"","overlay-opacity":"","overlay-gradient":""},"tablet":{"background-color":"var(--ast-global-color-5)","background-image":"","background-repeat":"repeat","background-position":"center center","background-size":"auto","background-attachment":"scroll","background-type":"","background-media":"","overlay-type":"","overlay-color":"","overlay-opacity":"","overlay-gradient":""},"mobile":{"background-color":"var(--ast-global-color-5)","background-image":"","background-repeat":"repeat","background-position":"center center","background-size":"auto","background-attachment":"scroll","background-type":"","background-media":"","overlay-type":"","overlay-color":"","overlay-opacity":"","overlay-gradient":""}},"footnotes":""},"class_list":["post-19","page","type-page","status-publish","hentry"],"_links":{"self":[{"href":"https:\/\/www.plvk.fi\/index.php\/wp-json\/wp\/v2\/pages\/19","targetHints":{"allow":["GET"]}}],"collection":[{"href":"https:\/\/www.plvk.fi\/index.php\/wp-json\/wp\/v2\/pages"}],"about":[{"href":"https:\/\/www.plvk.fi\/index.php\/wp-json\/wp\/v2\/types\/page"}],"author":[{"embeddable":true,"href":"https:\/\/www.plvk.fi\/index.php\/wp-json\/wp\/v2\/users\/2"}],"replies":[{"embeddable":true,"href":"https:\/\/www.plvk.fi\/index.php\/wp-json\/wp\/v2\/comments?post=19"}],"version-history":[{"count":80,"href":"https:\/\/www.plvk.fi\/index.php\/wp-json\/wp\/v2\/pages\/19\/revisions"}],"predecessor-version":[{"id":3693,"href":"https:\/\/www.plvk.fi\/index.php\/wp-json\/wp\/v2\/pages\/19\/revisions\/3693"}],"up":[{"embeddable":true,"href":"https:\/\/www.plvk.fi\/index.php\/wp-json\/wp\/v2\/pages\/1890"}],"wp:attachment":[{"href":"https:\/\/www.plvk.fi\/index.php\/wp-json\/wp\/v2\/media?parent=19"}],"curies":[{"name":"wp","href":"https:\/\/api.w.org\/{rel}","templated":true}]}}