{"id":2115,"date":"2024-01-03T20:15:03","date_gmt":"2024-01-03T18:15:03","guid":{"rendered":"https:\/\/www.plvk.fi\/?page_id=2115"},"modified":"2025-04-30T12:36:19","modified_gmt":"2025-04-30T09:36:19","slug":"vartiointi","status":"publish","type":"page","link":"https:\/\/www.plvk.fi\/index.php\/ohjeet\/vartiointi\/","title":{"rendered":"Vartiointip\u00e4iv\u00e4kirja"},"content":{"rendered":"\t\t<div data-elementor-type=\"wp-page\" data-elementor-id=\"2115\" class=\"elementor elementor-2115\" data-elementor-post-type=\"page\">\n\t\t\t\t<div class=\"elementor-element elementor-element-9519da2 e-flex e-con-boxed e-con e-parent\" data-id=\"9519da2\" data-element_type=\"container\" data-e-type=\"container\">\n\t\t\t\t\t<div class=\"e-con-inner\">\n\t\t\t\t<div class=\"elementor-element elementor-element-5f8bedf elementor-widget elementor-widget-heading\" data-id=\"5f8bedf\" data-element_type=\"widget\" data-e-type=\"widget\" data-widget_type=\"heading.default\">\n\t\t\t\t<div class=\"elementor-widget-container\">\n\t\t\t\t\t<h2 class=\"elementor-heading-title elementor-size-default\">Vartiop\u00e4iv\u00e4kirjan k\u00e4ytt\u00f6ohje<\/h2>\t\t\t\t<\/div>\n\t\t\t\t<\/div>\n\t\t\t\t\t<\/div>\n\t\t\t\t<\/div>\n\t\t<div class=\"elementor-element elementor-element-300eac2 e-flex e-con-boxed e-con e-parent\" data-id=\"300eac2\" data-element_type=\"container\" data-e-type=\"container\">\n\t\t\t\t\t<div class=\"e-con-inner\">\n\t\t\t\t<div class=\"elementor-element elementor-element-faaf84f elementor-widget elementor-widget-text-editor\" data-id=\"faaf84f\" data-element_type=\"widget\" data-e-type=\"widget\" data-widget_type=\"text-editor.default\">\n\t\t\t\t<div class=\"elementor-widget-container\">\n\t\t\t\t\t\t\t\t\t<p><em>P\u00e4ivitetty 07. toukokuu 2022.<\/em><\/p><ul><li><a href=\"\/wp-content\/uploads\/2022\/08\/vartiointiohje_2022.pdf\">Vartiointip\u00e4iv\u00e4kirjan k\u00e4ytt\u00f6ohje PDF-tiedostona<\/a><\/li><li>Katso muut vartiointiohjeet <a href=\"https:\/\/www.plvk.fi\/index.php\/jasenille\/saannot\/vartiosaannot\/\">PLVK:n Vartios\u00e4\u00e4nn\u00f6st\u00e4<\/a><\/li><\/ul><p>Kerhon vuosittaiset toimenpiteet kuten telakoinnin-, vartioinnin ja katsastusten varaukset hoidetaan tietoj\u00e4rjestelm\u00e4n kautta. Lis\u00e4ksi vartioinnin yhteydess\u00e4 pidet\u00e4\u00e4n samassa j\u00e4rjestelm\u00e4ss\u00e4 vartiop\u00e4iv\u00e4kirjaa.<\/p><p>Olet saanut s\u00e4hk\u00f6postiisi kaksi muistutusta vartiovuorostasi ennen vuoron alkua.<\/p><p>Kun saavut kerhotalolle ja aloitat vartiovuorosi:<\/p><h3>Kerhotalon tietokone<\/h3><p><strong>Vartiop\u00e4iv\u00e4kirjaa voi k\u00e4ytt\u00e4\u00e4 vain kerhon oman kerhotalon p\u00f6yt\u00e4\u00e4n kiinnitetyn kannettavan tietokoneen kautta.<\/strong> Salasana on liimattu koneen n\u00e4pp\u00e4imist\u00f6n viereen. Huomaa ett\u00e4 kone on yhteisk\u00e4yt\u00f6ss\u00e4 joten henkil\u00f6kohtaisia tai muuten ei-julkisia asioita sill\u00e4 ei kannata hoitaa.<\/p><h3>Sis\u00e4\u00e4nkirjautuminen<\/h3><p>Sis\u00e4\u00e4nkirjautuminen tapahtuu osoitteessa <a href=\"https:\/\/www.venekerhot.fi\/plvk\" target=\"_blank\" rel=\"noopener\">www.venekerhot.fi\/plvk<\/a> tai kerhon sivujen <a href=\"https:\/\/www.plvk.fi\">www.plvk.fi<\/a> kautta. K\u00e4yt\u00e4 Google Chrome selainta, joka l\u00f6ytyy alla olevan kaltaisen ikonin takaa:<\/p><figure id=\"attachment_2117\" aria-describedby=\"caption-attachment-2117\" style=\"width: 150px\" class=\"wp-caption alignnone\"><img decoding=\"async\" class=\"wp-image-2117 size-thumbnail\" src=\"https:\/\/www.plvk.fi\/wp-content\/uploads\/2024\/01\/plvk_vartiointi_chrome-150x150.jpg\" alt=\"Google Chrome\" width=\"150\" height=\"150\" srcset=\"https:\/\/www.plvk.fi\/wp-content\/uploads\/2024\/01\/plvk_vartiointi_chrome-150x150.jpg 150w, https:\/\/www.plvk.fi\/wp-content\/uploads\/2024\/01\/plvk_vartiointi_chrome-100x100.jpg 100w\" sizes=\"(max-width: 150px) 100vw, 150px\" \/><figcaption id=\"caption-attachment-2117\" class=\"wp-caption-text\">Google Chrome<\/figcaption><\/figure><p>Alla kirjautumisn\u00e4kym\u00e4 j\u00e4rjestelm\u00e4\u00e4n, kun olet onnistuneesti p\u00e4\u00e4ssyt oikeaan nettiosoitteeseen:<\/p>\t\t\t\t\t\t\t\t<\/div>\n\t\t\t\t<\/div>\n\t\t\t\t\t<\/div>\n\t\t\t\t<\/div>\n\t\t<div class=\"elementor-element elementor-element-9baa1f4 e-flex e-con-boxed e-con e-parent\" data-id=\"9baa1f4\" data-element_type=\"container\" data-e-type=\"container\">\n\t\t\t\t\t<div class=\"e-con-inner\">\n\t\t\t\t<div class=\"elementor-element elementor-element-62434d9 elementor-widget elementor-widget-image\" data-id=\"62434d9\" data-element_type=\"widget\" data-e-type=\"widget\" data-widget_type=\"image.default\">\n\t\t\t\t<div class=\"elementor-widget-container\">\n\t\t\t\t\t\t\t\t\t\t\t\t\t\t\t<img fetchpriority=\"high\" decoding=\"async\" width=\"768\" height=\"450\" src=\"https:\/\/www.plvk.fi\/wp-content\/uploads\/2024\/01\/kerhosovellus_kirjautuminen.jpg\" class=\"attachment-medium_large size-medium_large wp-image-2079\" alt=\"Kerhosovellus kirjautuminen\" srcset=\"https:\/\/www.plvk.fi\/wp-content\/uploads\/2024\/01\/kerhosovellus_kirjautuminen.jpg 768w, https:\/\/www.plvk.fi\/wp-content\/uploads\/2024\/01\/kerhosovellus_kirjautuminen-220x129.jpg 220w, https:\/\/www.plvk.fi\/wp-content\/uploads\/2024\/01\/kerhosovellus_kirjautuminen-575x337.jpg 575w, https:\/\/www.plvk.fi\/wp-content\/uploads\/2024\/01\/kerhosovellus_kirjautuminen-300x176.jpg 300w\" sizes=\"(max-width: 768px) 100vw, 768px\" \/>\t\t\t\t\t\t\t\t\t\t\t\t\t\t\t<\/div>\n\t\t\t\t<\/div>\n\t\t\t\t\t<\/div>\n\t\t\t\t<\/div>\n\t\t<div class=\"elementor-element elementor-element-6c44ff9 e-flex e-con-boxed e-con e-parent\" data-id=\"6c44ff9\" data-element_type=\"container\" data-e-type=\"container\">\n\t\t\t\t\t<div class=\"e-con-inner\">\n\t\t\t\t<div class=\"elementor-element elementor-element-49815c7 elementor-widget elementor-widget-text-editor\" data-id=\"49815c7\" data-element_type=\"widget\" data-e-type=\"widget\" data-widget_type=\"text-editor.default\">\n\t\t\t\t<div class=\"elementor-widget-container\">\n\t\t\t\t\t\t\t\t\t<h3>P\u00e4iv\u00e4kirjamerkinn\u00e4t<\/h3><p>Kirjaudu kerhotalon koneella venekerhoj\u00e4rjestelm\u00e4\u00e4n normaalisti. Saat n\u00e4kyviin saman alla n\u00e4kyv\u00e4n valikon kuin normaalistikin kirjautuessasi. Valitse \u201d-P\u00e4iv\u00e4kirja\u201d.<\/p>\t\t\t\t\t\t\t\t<\/div>\n\t\t\t\t<\/div>\n\t\t\t\t\t<\/div>\n\t\t\t\t<\/div>\n\t\t<div class=\"elementor-element elementor-element-d811a86 e-flex e-con-boxed e-con e-parent\" data-id=\"d811a86\" data-element_type=\"container\" data-e-type=\"container\">\n\t\t\t\t\t<div class=\"e-con-inner\">\n\t\t\t\t<div class=\"elementor-element elementor-element-45ffe69 elementor-widget elementor-widget-image\" data-id=\"45ffe69\" data-element_type=\"widget\" data-e-type=\"widget\" data-widget_type=\"image.default\">\n\t\t\t\t<div class=\"elementor-widget-container\">\n\t\t\t\t\t\t\t\t\t\t\t\t\t\t\t<img decoding=\"async\" width=\"269\" height=\"616\" src=\"https:\/\/www.plvk.fi\/wp-content\/uploads\/2024\/01\/plvk_vartiointi_paivakirja.jpg\" class=\"attachment-medium_large size-medium_large wp-image-2118\" alt=\"Vartiointi p\u00e4iv\u00e4kirja\" srcset=\"https:\/\/www.plvk.fi\/wp-content\/uploads\/2024\/01\/plvk_vartiointi_paivakirja.jpg 269w, https:\/\/www.plvk.fi\/wp-content\/uploads\/2024\/01\/plvk_vartiointi_paivakirja-220x504.jpg 220w, https:\/\/www.plvk.fi\/wp-content\/uploads\/2024\/01\/plvk_vartiointi_paivakirja-131x300.jpg 131w\" sizes=\"(max-width: 269px) 100vw, 269px\" \/>\t\t\t\t\t\t\t\t\t\t\t\t\t\t\t<\/div>\n\t\t\t\t<\/div>\n\t\t\t\t\t<\/div>\n\t\t\t\t<\/div>\n\t\t<div class=\"elementor-element elementor-element-da02218 e-flex e-con-boxed e-con e-parent\" data-id=\"da02218\" data-element_type=\"container\" data-e-type=\"container\">\n\t\t\t\t\t<div class=\"e-con-inner\">\n\t\t\t\t<div class=\"elementor-element elementor-element-819bb22 elementor-widget elementor-widget-text-editor\" data-id=\"819bb22\" data-element_type=\"widget\" data-e-type=\"widget\" data-widget_type=\"text-editor.default\">\n\t\t\t\t<div class=\"elementor-widget-container\">\n\t\t\t\t\t\t\t\t\t<p>T\u00e4m\u00e4n j\u00e4lkeen aukeaa alla n\u00e4kyv\u00e4 ikkuna, johon p\u00e4\u00e4set raportoimaan vartiovuoron alkamisesta. Vartiovuoro aloitetaan vartiokierroksella, jonka havainnot kirjataan vartiop\u00e4iv\u00e4kirjaan.<\/p><p>T\u00e4m\u00e4n j\u00e4lkeen kirjataan havaintoja vartiokierroksilta laitureilta, telakointikent\u00e4lt\u00e4 ja kerhon alueelta muutenkin v\u00e4hint\u00e4\u00e4n kahden tunnin v\u00e4lein sek\u00e4 muita merkitt\u00e4vi\u00e4 tapahtumia ja havaintoja.<\/p><p>My\u00f6s vuoron aikana tehdyt siivous- ja korjaustoimenpiteet sek\u00e4 havaitut puutteet kirjataan vartiop\u00e4iv\u00e4kirjaan.<\/p><p>Vartiovuoron loppuminen klo 06:00 kirjataan omaan kohtaansa p\u00e4iv\u00e4kirjassa.<\/p><p>Muista sulkea kerhoj\u00e4rjestelm\u00e4, selain ja tietokone vuorosi p\u00e4\u00e4tteeksi!<\/p><h3><strong>Ongelmatilanteissa<\/strong><\/h3><p>Mik\u00e4li et jostain syyst\u00e4 p\u00e4\u00e4se vartiop\u00e4iv\u00e4kirjaan tee vartiop\u00e4iv\u00e4kirja paperille ja ota siit\u00e4 valokuva ja l\u00e4het\u00e4 valokuva <a href=\"\/index.php\/yhteystiedot\/\">toimiston s\u00e4hk\u00f6postiosoitteeseen.<\/a><\/p><p><strong>Katso muut vartiointiohjeet <a href=\"https:\/\/www.plvk.fi\/index.php\/jasenille\/saannot\/vartiosaannot\/\">PLVK:n Vartios\u00e4\u00e4nn\u00f6st\u00e4<\/a>.<\/strong><\/p>\t\t\t\t\t\t\t\t<\/div>\n\t\t\t\t<\/div>\n\t\t\t\t\t<\/div>\n\t\t\t\t<\/div>\n\t\t<div class=\"elementor-element elementor-element-7e6a50f e-flex e-con-boxed e-con e-parent\" data-id=\"7e6a50f\" data-element_type=\"container\" data-e-type=\"container\">\n\t\t\t\t\t<div class=\"e-con-inner\">\n\t\t\t\t<div class=\"elementor-element elementor-element-fe6a45b elementor-widget elementor-widget-text-editor\" data-id=\"fe6a45b\" data-element_type=\"widget\" data-e-type=\"widget\" data-widget_type=\"text-editor.default\">\n\t\t\t\t<div class=\"elementor-widget-container\">\n\t\t\t\t\t\t\t\t\t<div class=\"elementor-element elementor-element-2f6af901 e-flex e-con-boxed e-con e-parent e-lazyloaded\" data-id=\"2f6af901\" data-element_type=\"container\"><div class=\"e-con-inner\"><div class=\"elementor-element elementor-element-336a623 elementor-widget elementor-widget-text-editor\" data-id=\"336a623\" data-element_type=\"widget\" data-widget_type=\"text-editor.default\"><div class=\"elementor-widget-container\"><p style=\"text-align: center;\"><a href=\"https:\/\/www.plvk.fi\/index.php\/ohjeet\/jatehuolto\/\">J\u00e4tehuolto<\/a> | <a href=\"https:\/\/www.plvk.fi\/index.php\/katsastusohjeet\/\">Katsastus<\/a> | <a href=\"https:\/\/www.plvk.fi\/index.php\/jasenille\/kerhosovellus\/\" data-type=\"page\" data-id=\"19\">Kerhosovelluksen k\u00e4ytt\u00f6<\/a> | <a href=\"https:\/\/spv.fi\/matkaveneily\/liputus\/\" target=\"_blank\" rel=\"noreferrer noopener\">Liputus <\/a>(SPV) | Vartiointip\u00e4iv\u00e4kirjan k\u00e4ytt\u00f6 | <a href=\"https:\/\/www.plvk.fi\/index.php\/yhteislasku\/\">Yhteislasku<\/a> | <a href=\"https:\/\/www.plvk.fi\/index.php\/jasenille\/saannot\/yhteisnosto\/\">Yhteisnosto<\/a> | <a href=\"https:\/\/www.plvk.fi\/index.php\/jasenille\/saannot\/\" data-type=\"page\" data-id=\"19\">S\u00e4\u00e4nn\u00f6t<\/a><\/p><\/div><\/div><\/div><\/div>\t\t\t\t\t\t\t\t<\/div>\n\t\t\t\t<\/div>\n\t\t\t\t\t<\/div>\n\t\t\t\t<\/div>\n\t\t\t\t<\/div>\n\t\t","protected":false},"excerpt":{"rendered":"<p>Vartiop\u00e4iv\u00e4kirjan k\u00e4ytt\u00f6ohje P\u00e4ivitetty 07. toukokuu 2022. Vartiointip\u00e4iv\u00e4kirjan k\u00e4ytt\u00f6ohje PDF-tiedostona Katso muut vartiointiohjeet PLVK:n Vartios\u00e4\u00e4nn\u00f6st\u00e4 Kerhon vuosittaiset toimenpiteet kuten telakoinnin-, vartioinnin ja katsastusten varaukset hoidetaan tietoj\u00e4rjestelm\u00e4n kautta. Lis\u00e4ksi vartioinnin yhteydess\u00e4 pidet\u00e4\u00e4n [&hellip;]<\/p>\n","protected":false},"author":3,"featured_media":0,"parent":3462,"menu_order":1,"comment_status":"closed","ping_status":"closed","template":"","meta":{"site-sidebar-layout":"no-sidebar","site-content-layout":"page-builder","ast-site-content-layout":"full-width-container","site-content-style":"default","site-sidebar-style":"default","ast-global-header-display":"","ast-banner-title-visibility":"","ast-main-header-display":"","ast-hfb-above-header-display":"","ast-hfb-below-header-display":"","ast-hfb-mobile-header-display":"","site-post-title":"disabled","ast-breadcrumbs-content":"","ast-featured-img":"disabled","footer-sml-layout":"","ast-disable-related-posts":"","theme-transparent-header-meta":"","adv-header-id-meta":"","stick-header-meta":"","header-above-stick-meta":"","header-main-stick-meta":"","header-below-stick-meta":"","astra-migrate-meta-layouts":"set","ast-page-background-enabled":"default","ast-page-background-meta":{"desktop":{"background-color":"var(--ast-global-color-4)","background-image":"","background-repeat":"repeat","background-position":"center center","background-size":"auto","background-attachment":"scroll","background-type":"","background-media":"","overlay-type":"","overlay-color":"","overlay-opacity":"","overlay-gradient":""},"tablet":{"background-color":"","background-image":"","background-repeat":"repeat","background-position":"center center","background-size":"auto","background-attachment":"scroll","background-type":"","background-media":"","overlay-type":"","overlay-color":"","overlay-opacity":"","overlay-gradient":""},"mobile":{"background-color":"","background-image":"","background-repeat":"repeat","background-position":"center center","background-size":"auto","background-attachment":"scroll","background-type":"","background-media":"","overlay-type":"","overlay-color":"","overlay-opacity":"","overlay-gradient":""}},"ast-content-background-meta":{"desktop":{"background-color":"var(--ast-global-color-5)","background-image":"","background-repeat":"repeat","background-position":"center center","background-size":"auto","background-attachment":"scroll","background-type":"","background-media":"","overlay-type":"","overlay-color":"","overlay-opacity":"","overlay-gradient":""},"tablet":{"background-color":"var(--ast-global-color-5)","background-image":"","background-repeat":"repeat","background-position":"center center","background-size":"auto","background-attachment":"scroll","background-type":"","background-media":"","overlay-type":"","overlay-color":"","overlay-opacity":"","overlay-gradient":""},"mobile":{"background-color":"var(--ast-global-color-5)","background-image":"","background-repeat":"repeat","background-position":"center center","background-size":"auto","background-attachment":"scroll","background-type":"","background-media":"","overlay-type":"","overlay-color":"","overlay-opacity":"","overlay-gradient":""}},"footnotes":""},"class_list":["post-2115","page","type-page","status-publish","hentry"],"_links":{"self":[{"href":"https:\/\/www.plvk.fi\/index.php\/wp-json\/wp\/v2\/pages\/2115","targetHints":{"allow":["GET"]}}],"collection":[{"href":"https:\/\/www.plvk.fi\/index.php\/wp-json\/wp\/v2\/pages"}],"about":[{"href":"https:\/\/www.plvk.fi\/index.php\/wp-json\/wp\/v2\/types\/page"}],"author":[{"embeddable":true,"href":"https:\/\/www.plvk.fi\/index.php\/wp-json\/wp\/v2\/users\/3"}],"replies":[{"embeddable":true,"href":"https:\/\/www.plvk.fi\/index.php\/wp-json\/wp\/v2\/comments?post=2115"}],"version-history":[{"count":50,"href":"https:\/\/www.plvk.fi\/index.php\/wp-json\/wp\/v2\/pages\/2115\/revisions"}],"predecessor-version":[{"id":3744,"href":"https:\/\/www.plvk.fi\/index.php\/wp-json\/wp\/v2\/pages\/2115\/revisions\/3744"}],"up":[{"embeddable":true,"href":"https:\/\/www.plvk.fi\/index.php\/wp-json\/wp\/v2\/pages\/3462"}],"wp:attachment":[{"href":"https:\/\/www.plvk.fi\/index.php\/wp-json\/wp\/v2\/media?parent=2115"}],"curies":[{"name":"wp","href":"https:\/\/api.w.org\/{rel}","templated":true}]}}