{"id":2145,"date":"2024-01-03T20:29:44","date_gmt":"2024-01-03T18:29:44","guid":{"rendered":"https:\/\/www.plvk.fi\/?page_id=2145"},"modified":"2025-04-30T12:30:36","modified_gmt":"2025-04-30T09:30:36","slug":"katsastusohjeet","status":"publish","type":"page","link":"https:\/\/www.plvk.fi\/index.php\/ohjeet\/katsastusohjeet\/","title":{"rendered":"Katsastusohjeet"},"content":{"rendered":"\t\t<div data-elementor-type=\"wp-page\" data-elementor-id=\"2145\" class=\"elementor elementor-2145\" data-elementor-post-type=\"page\">\n\t\t\t\t<div class=\"elementor-element elementor-element-385afa5 e-flex e-con-boxed e-con e-parent\" data-id=\"385afa5\" data-element_type=\"container\" data-e-type=\"container\">\n\t\t\t\t\t<div class=\"e-con-inner\">\n\t\t\t\t<div class=\"elementor-element elementor-element-1e7e591 elementor-widget elementor-widget-image\" data-id=\"1e7e591\" data-element_type=\"widget\" data-e-type=\"widget\" data-widget_type=\"image.default\">\n\t\t\t\t<div class=\"elementor-widget-container\">\n\t\t\t\t\t\t\t\t\t\t\t\t\t\t\t<img fetchpriority=\"high\" decoding=\"async\" width=\"2048\" height=\"630\" src=\"https:\/\/www.plvk.fi\/wp-content\/uploads\/2024\/01\/plvk_kuvitus_pylpyrat.jpg\" class=\"attachment-2048x2048 size-2048x2048 wp-image-2150\" alt=\"Pylpyr\u00e4t\" srcset=\"https:\/\/www.plvk.fi\/wp-content\/uploads\/2024\/01\/plvk_kuvitus_pylpyrat.jpg 2048w, https:\/\/www.plvk.fi\/wp-content\/uploads\/2024\/01\/plvk_kuvitus_pylpyrat-220x68.jpg 220w, https:\/\/www.plvk.fi\/wp-content\/uploads\/2024\/01\/plvk_kuvitus_pylpyrat-575x177.jpg 575w, https:\/\/www.plvk.fi\/wp-content\/uploads\/2024\/01\/plvk_kuvitus_pylpyrat-300x92.jpg 300w, https:\/\/www.plvk.fi\/wp-content\/uploads\/2024\/01\/plvk_kuvitus_pylpyrat-1024x315.jpg 1024w, https:\/\/www.plvk.fi\/wp-content\/uploads\/2024\/01\/plvk_kuvitus_pylpyrat-768x236.jpg 768w, https:\/\/www.plvk.fi\/wp-content\/uploads\/2024\/01\/plvk_kuvitus_pylpyrat-1536x473.jpg 1536w\" sizes=\"(max-width: 2048px) 100vw, 2048px\" \/>\t\t\t\t\t\t\t\t\t\t\t\t\t\t\t<\/div>\n\t\t\t\t<\/div>\n\t\t\t\t\t<\/div>\n\t\t\t\t<\/div>\n\t\t<div class=\"elementor-element elementor-element-123b862f e-flex e-con-boxed e-con e-parent\" data-id=\"123b862f\" data-element_type=\"container\" data-e-type=\"container\">\n\t\t\t\t\t<div class=\"e-con-inner\">\n\t\t\t\t<div class=\"elementor-element elementor-element-49b2e53a elementor-widget elementor-widget-text-editor\" data-id=\"49b2e53a\" data-element_type=\"widget\" data-e-type=\"widget\" data-widget_type=\"text-editor.default\">\n\t\t\t\t<div class=\"elementor-widget-container\">\n\t\t\t\t\t\t\t\t\t\n<p id=\"block-eed93be3-c682-40fc-b9eb-ccadc19caa63\">Veneen katsastus varataan <a href=\"\/index.php\/kerhosovellus\/\">Kerhosovelluksesta<\/a>. Veneen tulee olla katsastettuna viimeist\u00e4\u00e4n kes\u00e4kuun loppuun menness\u00e4. Katsastaja merkitsee katsastuksen Suuliin.<\/p>\n<p>Yhteiskatsastusp\u00e4ivien ulkopuoliset katsastusajat sovitaan <a href=\"\/index.php\/yhteystiedot\/\">katsastusp\u00e4\u00e4llik\u00f6n<\/a> kanssa.\u00a0<\/p>\n<p><\/p>\n<p id=\"block-eed93be3-c682-40fc-b9eb-ccadc19caa63\" class=\"has-text-align-left\">Yhteiskatsastusp\u00e4ivin\u00e4 katsastukset tehd\u00e4\u00e4n ty\u00f6p\u00e4iv\u00e4n j\u00e4lkeen noin klo 16:30 alkaen. Ilmoittaudu katsastajille kerhotalolla.<\/p>\n<div class=\"elementor-element elementor-element-09c061d elementor-widget elementor-widget-heading\" data-id=\"09c061d\" data-element_type=\"widget\" data-widget_type=\"heading.default\">\n<div class=\"elementor-widget-container\">\n<h3 class=\"elementor-heading-title elementor-size-default\">Vuosikatsastus<\/h3>\n<\/div>\n<\/div>\n<div class=\"elementor-element elementor-element-8a94df3 elementor-widget elementor-widget-text-editor\" data-id=\"8a94df3\" data-element_type=\"widget\" data-widget_type=\"text-editor.default\">\n<div class=\"elementor-widget-container\">\n<p>Vuosikatsastus tehd\u00e4\u00e4n vuosittain veneen ollessa veneilykunnossa, jolloin tarkastetaan turvallisuuteen vaikuttavat varusteet ja laitteet.<\/p>\n<\/div>\n<\/div>\n<div class=\"elementor-element elementor-element-fae1eb2 elementor-widget elementor-widget-heading\" data-id=\"fae1eb2\" data-element_type=\"widget\" data-widget_type=\"heading.default\">\n<div class=\"elementor-widget-container\">\n<h3 class=\"elementor-heading-title elementor-size-default\">Peruskatsastus eli nk. runkokatsastus<\/h3>\n<\/div>\n<\/div>\n<div class=\"elementor-element elementor-element-53897bb elementor-widget elementor-widget-text-editor\" data-id=\"53897bb\" data-element_type=\"widget\" data-widget_type=\"text-editor.default\">\n<div class=\"elementor-widget-container\">\n<p>Peruskatsastus tehd\u00e4\u00e4n joka viides vuosi sek\u00e4 silloin, kun vene on vaihtanut omistajaa tai rekister\u00f6intiseuraa, tai jos vene on vaurioitunut. Peruskatsastus tehd\u00e4\u00e4n kaksivaiheisena, toinen runkokatsastuksena veneen ollessa maissa ja toinen veneen ollessa vesill\u00e4 veneilyvalmiina.<\/p>\n<h3>Katsastuslista<\/h3>\n<\/div>\n<\/div>\n<ul>\n<li><a href=\"https:\/\/spv.fi\/wp-content\/uploads\/2023\/03\/Katsastuskohteet.pdf\">SPV:n lista luokkien 1-4 katsastuskohteista ja -varusteista<\/a> (PDF)<\/li>\n<\/ul>\n<p><\/p>\n<h3 id=\"block-eed93be3-c682-40fc-b9eb-ccadc19caa63\">Lue lis\u00e4\u00e4<\/h3>\n<p>SPV ry: <a href=\"https:\/\/spv.fi\/matkaveneily\/katsastus\/\" target=\"_blank\" rel=\"noopener\">Veneen katsastus\u21d2<\/a><\/p>\n<p><\/p>\n\t\t\t\t\t\t\t\t<\/div>\n\t\t\t\t<\/div>\n\t\t\t\t\t<\/div>\n\t\t\t\t<\/div>\n\t\t<div class=\"elementor-element elementor-element-d536321 e-flex e-con-boxed e-con e-parent\" data-id=\"d536321\" data-element_type=\"container\" data-e-type=\"container\">\n\t\t\t\t\t<div class=\"e-con-inner\">\n\t\t\t\t<div class=\"elementor-element elementor-element-f20e3e6 elementor-widget elementor-widget-text-editor\" data-id=\"f20e3e6\" data-element_type=\"widget\" data-e-type=\"widget\" data-widget_type=\"text-editor.default\">\n\t\t\t\t<div class=\"elementor-widget-container\">\n\t\t\t\t\t\t\t\t\t<p style=\"text-align: center;\"><a href=\"https:\/\/www.plvk.fi\/index.php\/ohjeet\/jatehuolto\/\">J\u00e4tehuolto<\/a> | Katsastus | <a href=\"https:\/\/www.plvk.fi\/index.php\/jasenille\/kerhosovellus\/\" data-type=\"page\" data-id=\"19\">Kerhosovelluksen k\u00e4ytt\u00f6<\/a> | <a href=\"https:\/\/spv.fi\/matkaveneily\/liputus\/\" target=\"_blank\" rel=\"noreferrer noopener\">Liputus <\/a>(SPV) | <a href=\"https:\/\/www.plvk.fi\/index.php\/vartiointi\/\">Vartiointip\u00e4iv\u00e4kirjan k\u00e4ytt\u00f6<\/a> | <a href=\"https:\/\/www.plvk.fi\/index.php\/yhteislasku\/\">Yhteislasku<\/a> | <a href=\"https:\/\/www.plvk.fi\/index.php\/yhteisnosto\/\">Yhteisnosto<\/a> | <a href=\"https:\/\/www.plvk.fi\/index.php\/jasenille\/saannot\/\" data-type=\"page\" data-id=\"19\">S\u00e4\u00e4nn\u00f6t<\/a><\/p>\t\t\t\t\t\t\t\t<\/div>\n\t\t\t\t<\/div>\n\t\t\t\t\t<\/div>\n\t\t\t\t<\/div>\n\t\t\t\t<\/div>\n\t\t","protected":false},"excerpt":{"rendered":"<p>Veneen katsastus varataan Kerhosovelluksesta. Veneen tulee olla katsastettuna viimeist\u00e4\u00e4n kes\u00e4kuun loppuun menness\u00e4. Katsastaja merkitsee katsastuksen Suuliin. Yhteiskatsastusp\u00e4ivien ulkopuoliset katsastusajat sovitaan katsastusp\u00e4\u00e4llik\u00f6n kanssa.\u00a0 Yhteiskatsastusp\u00e4ivin\u00e4 katsastukset tehd\u00e4\u00e4n ty\u00f6p\u00e4iv\u00e4n j\u00e4lkeen noin klo 16:30 [&hellip;]<\/p>\n","protected":false},"author":3,"featured_media":0,"parent":3462,"menu_order":1,"comment_status":"closed","ping_status":"closed","template":"","meta":{"site-sidebar-layout":"default","site-content-layout":"","ast-site-content-layout":"default","site-content-style":"default","site-sidebar-style":"default","ast-global-header-display":"","ast-banner-title-visibility":"","ast-main-header-display":"","ast-hfb-above-header-display":"","ast-hfb-below-header-display":"","ast-hfb-mobile-header-display":"","site-post-title":"","ast-breadcrumbs-content":"","ast-featured-img":"","footer-sml-layout":"","ast-disable-related-posts":"","theme-transparent-header-meta":"","adv-header-id-meta":"","stick-header-meta":"","header-above-stick-meta":"","header-main-stick-meta":"","header-below-stick-meta":"","astra-migrate-meta-layouts":"set","ast-page-background-enabled":"default","ast-page-background-meta":{"desktop":{"background-color":"var(--ast-global-color-4)","background-image":"","background-repeat":"repeat","background-position":"center center","background-size":"auto","background-attachment":"scroll","background-type":"","background-media":"","overlay-type":"","overlay-color":"","overlay-opacity":"","overlay-gradient":""},"tablet":{"background-color":"","background-image":"","background-repeat":"repeat","background-position":"center center","background-size":"auto","background-attachment":"scroll","background-type":"","background-media":"","overlay-type":"","overlay-color":"","overlay-opacity":"","overlay-gradient":""},"mobile":{"background-color":"","background-image":"","background-repeat":"repeat","background-position":"center center","background-size":"auto","background-attachment":"scroll","background-type":"","background-media":"","overlay-type":"","overlay-color":"","overlay-opacity":"","overlay-gradient":""}},"ast-content-background-meta":{"desktop":{"background-color":"var(--ast-global-color-5)","background-image":"","background-repeat":"repeat","background-position":"center center","background-size":"auto","background-attachment":"scroll","background-type":"","background-media":"","overlay-type":"","overlay-color":"","overlay-opacity":"","overlay-gradient":""},"tablet":{"background-color":"var(--ast-global-color-5)","background-image":"","background-repeat":"repeat","background-position":"center center","background-size":"auto","background-attachment":"scroll","background-type":"","background-media":"","overlay-type":"","overlay-color":"","overlay-opacity":"","overlay-gradient":""},"mobile":{"background-color":"var(--ast-global-color-5)","background-image":"","background-repeat":"repeat","background-position":"center center","background-size":"auto","background-attachment":"scroll","background-type":"","background-media":"","overlay-type":"","overlay-color":"","overlay-opacity":"","overlay-gradient":""}},"footnotes":""},"class_list":["post-2145","page","type-page","status-publish","hentry"],"_links":{"self":[{"href":"https:\/\/www.plvk.fi\/index.php\/wp-json\/wp\/v2\/pages\/2145","targetHints":{"allow":["GET"]}}],"collection":[{"href":"https:\/\/www.plvk.fi\/index.php\/wp-json\/wp\/v2\/pages"}],"about":[{"href":"https:\/\/www.plvk.fi\/index.php\/wp-json\/wp\/v2\/types\/page"}],"author":[{"embeddable":true,"href":"https:\/\/www.plvk.fi\/index.php\/wp-json\/wp\/v2\/users\/3"}],"replies":[{"embeddable":true,"href":"https:\/\/www.plvk.fi\/index.php\/wp-json\/wp\/v2\/comments?post=2145"}],"version-history":[{"count":37,"href":"https:\/\/www.plvk.fi\/index.php\/wp-json\/wp\/v2\/pages\/2145\/revisions"}],"predecessor-version":[{"id":3723,"href":"https:\/\/www.plvk.fi\/index.php\/wp-json\/wp\/v2\/pages\/2145\/revisions\/3723"}],"up":[{"embeddable":true,"href":"https:\/\/www.plvk.fi\/index.php\/wp-json\/wp\/v2\/pages\/3462"}],"wp:attachment":[{"href":"https:\/\/www.plvk.fi\/index.php\/wp-json\/wp\/v2\/media?parent=2145"}],"curies":[{"name":"wp","href":"https:\/\/api.w.org\/{rel}","templated":true}]}}