{"id":2235,"date":"2024-01-03T22:26:29","date_gmt":"2024-01-03T20:26:29","guid":{"rendered":"https:\/\/www.plvk.fi\/?page_id=2235"},"modified":"2025-09-26T10:33:04","modified_gmt":"2025-09-26T07:33:04","slug":"yhteislasku","status":"publish","type":"page","link":"https:\/\/www.plvk.fi\/index.php\/jasenille\/saannot\/yhteislasku\/","title":{"rendered":"Yhteislasku kev\u00e4isin"},"content":{"rendered":"\t\t<div data-elementor-type=\"wp-page\" data-elementor-id=\"2235\" class=\"elementor elementor-2235\" data-elementor-post-type=\"page\">\n\t\t\t\t<div class=\"elementor-element elementor-element-4cf7e2f e-flex e-con-boxed e-con e-parent\" data-id=\"4cf7e2f\" data-element_type=\"container\" data-e-type=\"container\">\n\t\t\t\t\t<div class=\"e-con-inner\">\n\t\t\t\t<div class=\"elementor-element elementor-element-ddd86de elementor-widget elementor-widget-heading\" data-id=\"ddd86de\" data-element_type=\"widget\" data-e-type=\"widget\" data-widget_type=\"heading.default\">\n\t\t\t\t<div class=\"elementor-widget-container\">\n\t\t\t\t\t<h2 class=\"elementor-heading-title elementor-size-default\">Yhteislaskun ohjeet<\/h2>\t\t\t\t<\/div>\n\t\t\t\t<\/div>\n\t\t\t\t\t<\/div>\n\t\t\t\t<\/div>\n\t\t<div class=\"elementor-element elementor-element-c4a2c79 e-flex e-con-boxed e-con e-parent\" data-id=\"c4a2c79\" data-element_type=\"container\" data-e-type=\"container\">\n\t\t\t\t\t<div class=\"e-con-inner\">\n\t\t\t\t<div class=\"elementor-element elementor-element-dd2e47c elementor-widget elementor-widget-image\" data-id=\"dd2e47c\" data-element_type=\"widget\" data-e-type=\"widget\" data-widget_type=\"image.default\">\n\t\t\t\t<div class=\"elementor-widget-container\">\n\t\t\t\t\t\t\t\t\t\t\t\t\t\t\t<img fetchpriority=\"high\" decoding=\"async\" width=\"1024\" height=\"310\" src=\"https:\/\/www.plvk.fi\/wp-content\/uploads\/2024\/01\/plvk_kuvitus_lasku-1024x310.jpg\" class=\"attachment-large size-large wp-image-2238\" alt=\"Veneiden yhteislasku\" srcset=\"https:\/\/www.plvk.fi\/wp-content\/uploads\/2024\/01\/plvk_kuvitus_lasku-1024x310.jpg 1024w, https:\/\/www.plvk.fi\/wp-content\/uploads\/2024\/01\/plvk_kuvitus_lasku-220x67.jpg 220w, https:\/\/www.plvk.fi\/wp-content\/uploads\/2024\/01\/plvk_kuvitus_lasku-575x174.jpg 575w, https:\/\/www.plvk.fi\/wp-content\/uploads\/2024\/01\/plvk_kuvitus_lasku-300x91.jpg 300w, https:\/\/www.plvk.fi\/wp-content\/uploads\/2024\/01\/plvk_kuvitus_lasku-768x233.jpg 768w, https:\/\/www.plvk.fi\/wp-content\/uploads\/2024\/01\/plvk_kuvitus_lasku-1536x465.jpg 1536w, https:\/\/www.plvk.fi\/wp-content\/uploads\/2024\/01\/plvk_kuvitus_lasku.jpg 2048w\" sizes=\"(max-width: 1024px) 100vw, 1024px\" \/>\t\t\t\t\t\t\t\t\t\t\t\t\t\t\t<\/div>\n\t\t\t\t<\/div>\n\t\t\t\t\t<\/div>\n\t\t\t\t<\/div>\n\t\t<div class=\"elementor-element elementor-element-4fc0f70 e-flex e-con-boxed e-con e-parent\" data-id=\"4fc0f70\" data-element_type=\"container\" data-e-type=\"container\">\n\t\t\t\t\t<div class=\"e-con-inner\">\n\t\t\t\t<div class=\"elementor-element elementor-element-a49c167 elementor-widget elementor-widget-text-editor\" data-id=\"a49c167\" data-element_type=\"widget\" data-e-type=\"widget\" data-widget_type=\"text-editor.default\">\n\t\t\t\t<div class=\"elementor-widget-container\">\n\t\t\t\t\t\t\t\t\t<h3>Ilmoittautuminen<\/h3><p>Ilmoittautuminen nostoihin tapahtuu Kerhosovelluksen kautta. Katso <a href=\"\/index.php\/kerhosovellus\/\">Kerhosovelluksen k\u00e4ytt\u00f6ohjeesta <\/a>lis\u00e4tiedot<a href=\"\/index.php\/kerhosovellus\/\">.<\/a><\/p><h3>Yhteislaskup\u00e4iv\u00e4n\u00e4<\/h3><p>Ilmoitaudu satamakapteenille (keltaiset liivit), kun olet saapunut satamaan ja veneesi on valmiina laskettavaksi.<\/p><p>Yhteislaskup\u00e4ivin\u00e4 laskut alkavat kello 7:00. Varaa laskuun aikaa koko p\u00e4iv\u00e4.<\/p><p>Laskup\u00e4ivin\u00e4 autoja ei saa pys\u00e4k\u00f6id\u00e4 kerhorakennuksen ja c-laiturin v\u00e4liselle alueelle ilman satamakapteenin lupaa.<\/p><h3>Glykolin talteenotto<\/h3><ul><li>Glykolia ei saa laskea mereen eik\u00e4 asfaltille<\/li><li>Glykolin ker\u00e4\u00e4mist\u00e4 varten l\u00f6ytyy saaveja 2 h\u00e4kist\u00e4 j\u00e4teastian vierest\u00e4<\/li><li>Asfaltille p\u00e4\u00e4ssyt glykoli on poistettava runsaalla vedell\u00e4<\/li><\/ul><h3>Mastojen nostaminen<\/h3><ul><li>Purjeveneiden mastot valmistellaan niille varatulla alueella.<\/li><li>Veneet lasketaan veteen ensin. Mastot nostetaan lopuksi, kun siihen tarkoitettu nostoauto vapautuu ja satamakapteeni antaa luvan.<\/li><\/ul>\t\t\t\t\t\t\t\t<\/div>\n\t\t\t\t<\/div>\n\t\t\t\t\t<\/div>\n\t\t\t\t<\/div>\n\t\t<div class=\"elementor-element elementor-element-c803e7b e-flex e-con-boxed e-con e-parent\" data-id=\"c803e7b\" data-element_type=\"container\" data-e-type=\"container\">\n\t\t\t\t\t<div class=\"e-con-inner\">\n\t\t<div class=\"elementor-element elementor-element-dcce753 e-con-full e-flex e-con e-child\" data-id=\"dcce753\" data-element_type=\"container\" data-e-type=\"container\">\n\t\t\t\t<div class=\"elementor-element elementor-element-de33db7 elementor-widget elementor-widget-text-editor\" data-id=\"de33db7\" data-element_type=\"widget\" data-e-type=\"widget\" data-widget_type=\"text-editor.default\">\n\t\t\t\t<div class=\"elementor-widget-container\">\n\t\t\t\t\t\t\t\t\t<h3>Nosto-\u00e4ppi<\/h3><p>Laskup\u00e4ivin\u00e4 k\u00e4yt\u00e4mme my\u00f6s Nosto-\u00e4ppi\u00e4, jonka QR-koodi l\u00f6ytyy satamasta. <\/p>\t\t\t\t\t\t\t\t<\/div>\n\t\t\t\t<\/div>\n\t\t\t\t<\/div>\n\t\t<div class=\"elementor-element elementor-element-f0ac145 e-con-full e-flex e-con e-child\" data-id=\"f0ac145\" data-element_type=\"container\" data-e-type=\"container\">\n\t\t\t\t<div class=\"elementor-element elementor-element-d1a8d53 elementor-widget elementor-widget-image\" data-id=\"d1a8d53\" data-element_type=\"widget\" data-e-type=\"widget\" data-widget_type=\"image.default\">\n\t\t\t\t<div class=\"elementor-widget-container\">\n\t\t\t\t\t\t\t\t\t\t\t\t\t\t\t<img decoding=\"async\" width=\"300\" height=\"267\" src=\"https:\/\/www.plvk.fi\/wp-content\/uploads\/2025\/09\/plvk2025_nosto-appi-300x267.png\" class=\"attachment-medium size-medium wp-image-3901\" alt=\"PLVK NOSTO-\u00e4ppi\" srcset=\"https:\/\/www.plvk.fi\/wp-content\/uploads\/2025\/09\/plvk2025_nosto-appi-300x267.png 300w, https:\/\/www.plvk.fi\/wp-content\/uploads\/2025\/09\/plvk2025_nosto-appi.png 620w\" sizes=\"(max-width: 300px) 100vw, 300px\" \/>\t\t\t\t\t\t\t\t\t\t\t\t\t\t\t<\/div>\n\t\t\t\t<\/div>\n\t\t\t\t<\/div>\n\t\t\t\t\t<\/div>\n\t\t\t\t<\/div>\n\t\t<div class=\"elementor-element elementor-element-5e65cb3 e-flex e-con-boxed e-con e-parent\" data-id=\"5e65cb3\" data-element_type=\"container\" data-e-type=\"container\">\n\t\t\t\t\t<div class=\"e-con-inner\">\n\t\t\t\t<div class=\"elementor-element elementor-element-fb7cf1d elementor-widget elementor-widget-button\" data-id=\"fb7cf1d\" data-element_type=\"widget\" data-e-type=\"widget\" data-widget_type=\"button.default\">\n\t\t\t\t<div class=\"elementor-widget-container\">\n\t\t\t\t\t\t\t\t\t<div class=\"elementor-button-wrapper\">\n\t\t\t\t\t<a class=\"elementor-button elementor-button-link elementor-size-sm\" href=\"https:\/\/plvk2025.glide.page\">\n\t\t\t\t\t\t<span class=\"elementor-button-content-wrapper\">\n\t\t\t\t\t\t\t\t\t<span class=\"elementor-button-text\">Nosto-\u00e4ppiin t\u00e4st\u00e4<\/span>\n\t\t\t\t\t<\/span>\n\t\t\t\t\t<\/a>\n\t\t\t\t<\/div>\n\t\t\t\t\t\t\t\t<\/div>\n\t\t\t\t<\/div>\n\t\t\t\t\t<\/div>\n\t\t\t\t<\/div>\n\t\t<div class=\"elementor-element elementor-element-2f03774 e-flex e-con-boxed e-con e-parent\" data-id=\"2f03774\" data-element_type=\"container\" data-e-type=\"container\">\n\t\t\t\t\t<div class=\"e-con-inner\">\n\t\t\t\t<div class=\"elementor-element elementor-element-d244c52 elementor-widget elementor-widget-text-editor\" data-id=\"d244c52\" data-element_type=\"widget\" data-e-type=\"widget\" data-widget_type=\"text-editor.default\">\n\t\t\t\t<div class=\"elementor-widget-container\">\n\t\t\t\t\t\t\t\t\t<h3>Nosturiautot<\/h3><p>Yhteislaskup\u00e4iv\u00e4n\u00e4 on paikalla useampia nosturiautoja, joista kaikki eiv\u00e4t voi kuljettaa kaikentyyppisi\u00e4 veneit\u00e4.<\/p><p>Satamakapteeni m\u00e4\u00e4ritt\u00e4\u00e4 laskuj\u00e4rjestyksen.<\/p><p>Laskumaksu maksetaan k\u00e4teisell\u00e4 kuljettajalle.<\/p><h3>Kysymyksi\u00e4?<\/h3><p>Jos sinulla on kysytt\u00e4v\u00e4\u00e4 veneiden laskuihin liittyvist\u00e4 asioissa, ole yhteydess\u00e4 satamakapteeniin, jonka\u00a0 yhteystiedot l\u00f6ytyv\u00e4t <a href=\"\/index.php\/yhteystiedot\/\">yhteystiedot-sivulta<\/a>.<\/p>\t\t\t\t\t\t\t\t<\/div>\n\t\t\t\t<\/div>\n\t\t\t\t\t<\/div>\n\t\t\t\t<\/div>\n\t\t<div class=\"elementor-element elementor-element-2a023cc e-flex e-con-boxed e-con e-parent\" data-id=\"2a023cc\" data-element_type=\"container\" data-e-type=\"container\">\n\t\t\t\t\t<div class=\"e-con-inner\">\n\t\t\t\t<div class=\"elementor-element elementor-element-a2dbdc2 elementor-widget elementor-widget-text-editor\" data-id=\"a2dbdc2\" data-element_type=\"widget\" data-e-type=\"widget\" data-widget_type=\"text-editor.default\">\n\t\t\t\t<div class=\"elementor-widget-container\">\n\t\t\t\t\t\t\t\t\t<p style=\"text-align: center;\"><a href=\"https:\/\/www.plvk.fi\/index.php\/ohjeet\/jatehuolto\/\">J\u00e4tehuolto<\/a> | <a href=\"https:\/\/www.plvk.fi\/index.php\/katsastusohjeet\/\">Katsastus<\/a> | <a href=\"https:\/\/www.plvk.fi\/index.php\/jasenille\/kerhosovellus\/\" data-type=\"page\" data-id=\"19\">Kerhosovelluksen k\u00e4ytt\u00f6<\/a> | <a href=\"https:\/\/spv.fi\/matkaveneily\/liputus\/\" target=\"_blank\" rel=\"noreferrer noopener\">Liputus <\/a>(SPV) | <a href=\"https:\/\/www.plvk.fi\/index.php\/vartiointi\/\">Vartiointip\u00e4iv\u00e4kirjan k\u00e4ytt\u00f6<\/a> | Yhteislasku | <a href=\"https:\/\/www.plvk.fi\/index.php\/yhteisnosto\/\">Yhteisnosto<\/a> | <a href=\"https:\/\/www.plvk.fi\/index.php\/jasenille\/saannot\/\" data-type=\"page\" data-id=\"19\">S\u00e4\u00e4nn\u00f6t<\/a><\/p>\t\t\t\t\t\t\t\t<\/div>\n\t\t\t\t<\/div>\n\t\t\t\t\t<\/div>\n\t\t\t\t<\/div>\n\t\t\t\t<\/div>\n\t\t","protected":false},"excerpt":{"rendered":"<p>Yhteislaskun ohjeet Ilmoittautuminen Ilmoittautuminen nostoihin tapahtuu Kerhosovelluksen kautta. Katso Kerhosovelluksen k\u00e4ytt\u00f6ohjeesta lis\u00e4tiedot. Yhteislaskup\u00e4iv\u00e4n\u00e4 Ilmoitaudu satamakapteenille (keltaiset liivit), kun olet saapunut satamaan ja veneesi on valmiina laskettavaksi. Yhteislaskup\u00e4ivin\u00e4 laskut alkavat kello [&hellip;]<\/p>\n","protected":false},"author":3,"featured_media":0,"parent":19,"menu_order":1,"comment_status":"closed","ping_status":"closed","template":"","meta":{"site-sidebar-layout":"no-sidebar","site-content-layout":"page-builder","ast-site-content-layout":"full-width-container","site-content-style":"default","site-sidebar-style":"default","ast-global-header-display":"","ast-banner-title-visibility":"","ast-main-header-display":"","ast-hfb-above-header-display":"","ast-hfb-below-header-display":"","ast-hfb-mobile-header-display":"","site-post-title":"disabled","ast-breadcrumbs-content":"","ast-featured-img":"disabled","footer-sml-layout":"","ast-disable-related-posts":"","theme-transparent-header-meta":"","adv-header-id-meta":"","stick-header-meta":"","header-above-stick-meta":"","header-main-stick-meta":"","header-below-stick-meta":"","astra-migrate-meta-layouts":"set","ast-page-background-enabled":"default","ast-page-background-meta":{"desktop":{"background-color":"var(--ast-global-color-4)","background-image":"","background-repeat":"repeat","background-position":"center center","background-size":"auto","background-attachment":"scroll","background-type":"","background-media":"","overlay-type":"","overlay-color":"","overlay-opacity":"","overlay-gradient":""},"tablet":{"background-color":"","background-image":"","background-repeat":"repeat","background-position":"center center","background-size":"auto","background-attachment":"scroll","background-type":"","background-media":"","overlay-type":"","overlay-color":"","overlay-opacity":"","overlay-gradient":""},"mobile":{"background-color":"","background-image":"","background-repeat":"repeat","background-position":"center center","background-size":"auto","background-attachment":"scroll","background-type":"","background-media":"","overlay-type":"","overlay-color":"","overlay-opacity":"","overlay-gradient":""}},"ast-content-background-meta":{"desktop":{"background-color":"var(--ast-global-color-5)","background-image":"","background-repeat":"repeat","background-position":"center center","background-size":"auto","background-attachment":"scroll","background-type":"","background-media":"","overlay-type":"","overlay-color":"","overlay-opacity":"","overlay-gradient":""},"tablet":{"background-color":"var(--ast-global-color-5)","background-image":"","background-repeat":"repeat","background-position":"center center","background-size":"auto","background-attachment":"scroll","background-type":"","background-media":"","overlay-type":"","overlay-color":"","overlay-opacity":"","overlay-gradient":""},"mobile":{"background-color":"var(--ast-global-color-5)","background-image":"","background-repeat":"repeat","background-position":"center center","background-size":"auto","background-attachment":"scroll","background-type":"","background-media":"","overlay-type":"","overlay-color":"","overlay-opacity":"","overlay-gradient":""}},"footnotes":""},"class_list":["post-2235","page","type-page","status-publish","hentry"],"_links":{"self":[{"href":"https:\/\/www.plvk.fi\/index.php\/wp-json\/wp\/v2\/pages\/2235","targetHints":{"allow":["GET"]}}],"collection":[{"href":"https:\/\/www.plvk.fi\/index.php\/wp-json\/wp\/v2\/pages"}],"about":[{"href":"https:\/\/www.plvk.fi\/index.php\/wp-json\/wp\/v2\/types\/page"}],"author":[{"embeddable":true,"href":"https:\/\/www.plvk.fi\/index.php\/wp-json\/wp\/v2\/users\/3"}],"replies":[{"embeddable":true,"href":"https:\/\/www.plvk.fi\/index.php\/wp-json\/wp\/v2\/comments?post=2235"}],"version-history":[{"count":14,"href":"https:\/\/www.plvk.fi\/index.php\/wp-json\/wp\/v2\/pages\/2235\/revisions"}],"predecessor-version":[{"id":3909,"href":"https:\/\/www.plvk.fi\/index.php\/wp-json\/wp\/v2\/pages\/2235\/revisions\/3909"}],"up":[{"embeddable":true,"href":"https:\/\/www.plvk.fi\/index.php\/wp-json\/wp\/v2\/pages\/19"}],"wp:attachment":[{"href":"https:\/\/www.plvk.fi\/index.php\/wp-json\/wp\/v2\/media?parent=2235"}],"curies":[{"name":"wp","href":"https:\/\/api.w.org\/{rel}","templated":true}]}}