{"id":253,"date":"2023-07-01T21:22:17","date_gmt":"2023-07-01T18:22:17","guid":{"rendered":"https:\/\/www.plvk.fi\/?page_id=253"},"modified":"2025-04-30T13:52:11","modified_gmt":"2025-04-30T10:52:11","slug":"yhdistyksen-saantokirja","status":"publish","type":"page","link":"https:\/\/www.plvk.fi\/index.php\/jasenille\/saannot\/yhdistyksen-saantokirja\/","title":{"rendered":"Yhdistyksen viralliset s\u00e4\u00e4nn\u00f6t"},"content":{"rendered":"\t\t<div data-elementor-type=\"wp-page\" data-elementor-id=\"253\" class=\"elementor elementor-253\" data-elementor-post-type=\"page\">\n\t\t\t\t<div class=\"elementor-element elementor-element-40f2c09 e-flex e-con-boxed e-con e-parent\" data-id=\"40f2c09\" data-element_type=\"container\" data-e-type=\"container\">\n\t\t\t\t\t<div class=\"e-con-inner\">\n\t\t\t\t<div class=\"elementor-element elementor-element-aaa8370 elementor-widget elementor-widget-text-editor\" data-id=\"aaa8370\" data-element_type=\"widget\" data-e-type=\"widget\" data-widget_type=\"text-editor.default\">\n\t\t\t\t<div class=\"elementor-widget-container\">\n\t\t\t\t\t\t\t\t\t<p style=\"text-align: center;\">Yhdistyksen viralliset s\u00e4\u00e4nn\u00f6t | <a href=\"https:\/\/www.plvk.fi\/index.php\/eettiset-saannot\/\">Eettiset s\u00e4\u00e4nn\u00f6t<\/a> | <a href=\"https:\/\/www.plvk.fi\/index.php\/satamasaannot\/\">Satamas\u00e4\u00e4nn\u00f6t<\/a> <a href=\"https:\/\/www.plvk.fi\/index.php\/vartiosaannot\/\"> | Vartios\u00e4\u00e4nn\u00f6t<\/a> | <a href=\"https:\/\/www.plvk.fi\/index.php\/ohjeet\/\">Ohjeet<\/a><\/p>\t\t\t\t\t\t\t\t<\/div>\n\t\t\t\t<\/div>\n\t\t\t\t\t<\/div>\n\t\t\t\t<\/div>\n\t\t<div class=\"elementor-element elementor-element-85758df e-flex e-con-boxed e-con e-parent\" data-id=\"85758df\" data-element_type=\"container\" data-e-type=\"container\">\n\t\t\t\t\t<div class=\"e-con-inner\">\n\t\t\t\t<div class=\"elementor-element elementor-element-31c9e44 elementor-widget elementor-widget-text-editor\" data-id=\"31c9e44\" data-element_type=\"widget\" data-e-type=\"widget\" data-widget_type=\"text-editor.default\">\n\t\t\t\t<div class=\"elementor-widget-container\">\n\t\t\t\t\t\t\t\t\t<p><em>(Uudistetut s\u00e4\u00e4nn\u00f6t on hyv\u00e4ksytty vuosikokouksessa 23.4.2025.)<\/em><\/p>\n<h3>1\u00a7 Yhdistyksen nimi<\/h3>\n<p>Yhdistyksen nimi on Porslahden Venekerho ry ja sen kotipaikka on Vantaa. Yhdistyksen nimest\u00e4 voidaan k\u00e4ytt\u00e4\u00e4 lyhennett\u00e4 PLVK.<\/p>\n<h3>2\u00a7 Yhdistyksen tavoitteet<\/h3>\n<p>Yhdistyksen tarkoituksena on j\u00e4senist\u00f6ns\u00e4 yhteistoiminnan merkeiss\u00e4 kehitt\u00e4\u00e4 ja edist\u00e4\u00e4 j\u00e4senist\u00f6ns\u00e4 veneilyharrastusta ja vesill\u00e4 liikkumisen taitoja sek\u00e4 her\u00e4tt\u00e4\u00e4 j\u00e4sentens\u00e4 keskuudessa hyv\u00e4\u00e4 yhteishenke\u00e4 ja reilua veneilij\u00e4n mielt\u00e4.<\/p>\n<p>Yhdistys toteuttaa tarkoitustaan yll\u00e4pit\u00e4m\u00e4ll\u00e4 j\u00e4sentens\u00e4 k\u00e4ytt\u00f6\u00f6n tarkoitettua satama-aluetta ja mahdollisia muita veneily\u00e4 tukevia alueita ja kiinteist\u00f6j\u00e4, j\u00e4rjest\u00e4m\u00e4ll\u00e4 kilpailuja, kursseja, veneiden katsastuksia, kokouksia ja retki\u00e4 sek\u00e4 koulutus- ja valistustilaisuuksia veneilyyn liittyviss\u00e4 asioissa.<\/p>\n<p>Yhdistys harjoittaa vain sellaista taloudellista toimintaa, joka v\u00e4litt\u00f6m\u00e4sti liittyy yhdistyksen tarkoituksen toteuttamiseen taikka jota on pidett\u00e4v\u00e4 v\u00e4h\u00e4arvoisena.<\/p>\n<h3>3\u00a7 Yhdistyksen virallinen kieli<\/h3>\n<p>Yhdistyksen virallinen kieli on suomi.<\/p>\n<h3>4\u00a7 Yhdistyksen lippu<\/h3>\n<p>Yhdistyksen tunnuksena on Suomen lipusta annetun lain 4\u00a7:n 2 momentissa tarkoitettu kerhon tunnuksella varustettu erikoislippu.<\/p>\n<h3>5\u00a7 Yhdistyksen j\u00e4senet<\/h3>\n<p>Yhdistyksen hallitus hyv\u00e4ksyy kirjallisen hakemuksen perusteella j\u00e4senet.<\/p>\n<h4>Varsinainen j\u00e4sen<\/h4>\n<p>Yhdistyksen varsinaiseksi j\u00e4seneksi voidaan hyv\u00e4ksy\u00e4 t\u00e4ysi-ik\u00e4inen yksityishenkil\u00f6, joka hyv\u00e4ksyy yhdistyksen tarkoituksen ja s\u00e4\u00e4nn\u00f6t.<\/p>\n<h4>Perhej\u00e4sen<\/h4>\n<p>Perhej\u00e4seneksi voidaan hyv\u00e4ksy\u00e4 varsinaisen j\u00e4senen kanssa samassa taloudessa asuva t\u00e4ysi-ik\u00e4inen perheenj\u00e4sen, joka hyv\u00e4ksyy yhdistyksen tarkoituksen ja s\u00e4\u00e4nn\u00f6t.<\/p>\n<h4>Juniorij\u00e4sen<\/h4>\n<p>Juniorij\u00e4seneksi voidaan hyv\u00e4ksy\u00e4 varsinaisen j\u00e4senen lapsi, joka hyv\u00e4ksyy yhdistyksen tarkoituksen ja s\u00e4\u00e4nn\u00f6t.<\/p>\n<p>Juniorij\u00e4senyys p\u00e4\u00e4ttyy sen vuoden loppuun jona juniorij\u00e4sen t\u00e4ytt\u00e4\u00e4 18, ja t\u00e4lt\u00e4 vuodelta h\u00e4nelt\u00e4 perit\u00e4\u00e4n juniorij\u00e4senen j\u00e4senmaksua.<\/p>\n<h4>Kannattajaj\u00e4sen<\/h4>\n<p>Kannattajaj\u00e4seneksi voidaan hyv\u00e4ksy\u00e4 oikeuskelpoinen yhteis\u00f6 ja yksityinen henkil\u00f6, joka haluaa tukea yhdistyksen toimintaa ja hyv\u00e4ksyy yhdistyksen tarkoituksen ja s\u00e4\u00e4nn\u00f6t.<\/p>\n<h4>Kausij\u00e4sen<\/h4>\n<p>Kausij\u00e4seneksi voidaan hyv\u00e4ksy\u00e4 oikeuskelpoinen yhteis\u00f6 ja yksityinen henkil\u00f6.<\/p>\n<h4>Kunniaj\u00e4sen<\/h4>\n<p>Kunniaj\u00e4seneksi voi yhdistyksen kokous hallituksen ehdotuksesta kutsua j\u00e4senen, joka on erityisen ansiokkaasti toiminut yhdistyksen tai sen tarkoitusperien hyv\u00e4ksi.\u00a0Kunniaj\u00e4sen rinnastuu oikeuksiltaan varsinaiseen j\u00e4seneen.<\/p>\n<p>Uudet j\u00e4senet hyv\u00e4ksyy yhdistyksen hallitus.<\/p>\n<h3>6\u00a7 J\u00e4senmaksut<\/h3>\n<p>Yhdistyksen varsinaiset j\u00e4senet suorittavat j\u00e4seneksi tullessaan liittymismaksun sek\u00e4 vuotuisen j\u00e4senmaksun, joiden m\u00e4\u00e4r\u00e4 vahvistetaan syyskokouksessa.. <br \/>J\u00e4sen- ja liittymismaksut m\u00e4\u00e4ritet\u00e4\u00e4n vuodeksi kerrallaan erikseen jokaiselle j\u00e4senlajille.<\/p>\n<p>Kunniaj\u00e4sen on vapautettu j\u00e4senmaksun maksamisesta. J\u00e4senmaksu on maksettava hallituksen m\u00e4\u00e4r\u00e4\u00e4m\u00e4ll\u00e4 tavalla vuosittain.<\/p>\n<p>Juniorij\u00e4senen liittyess\u00e4 varsinaiseksi j\u00e4seneksi perit\u00e4\u00e4n h\u00e4nelt\u00e4 puolet varsinaisen j\u00e4senen liittymismaksusta.<\/p>\n<p>Yhdistyksen hallitus voi ev\u00e4t\u00e4 vene- tai talvis\u00e4ilytyspaikan tai muut j\u00e4senedut maksuvelvollisuutensa laiminly\u00f6neelt\u00e4.<\/p>\n<h3>7\u00a7 J\u00e4senen oikeus venepaikkaan<\/h3>\n<p>Oikeus venepaikkaan yhdistyksen hallitsemasta venelaiturista on yhdistyksen varsinaisilla ja kausij\u00e4senill\u00e4 sek\u00e4 kunniaj\u00e4senill\u00e4. J\u00e4senten muista oikeuksista ja velvollisuuksista sek\u00e4 venepaikoista on tarkemmat m\u00e4\u00e4r\u00e4ykset yhdistyksen kokouksen vahvistamassa satamaohjes\u00e4\u00e4nn\u00f6ss\u00e4.<\/p>\n<h3>8\u00a7 Yhdistyksen hallinto<\/h3>\n<p>Yhdistyksen toimintaa johtaa ja sen taloutta hoitaa hallitus, johon kuuluu puheenjohtaja, josta k\u00e4ytet\u00e4\u00e4n nimityst\u00e4 kommodori, kuusi varsinaista j\u00e4sent\u00e4 ja kaksi varaj\u00e4sent\u00e4.<\/p>\n<p>Hallitus valitsee varapuheenjohtajan, josta k\u00e4ytet\u00e4\u00e4n nimityst\u00e4 varakommodori, ja rahastonhoitajan keskuudestaan sek\u00e4 muut tarpeelliset toimihenkil\u00f6t ja nime\u00e4\u00e4 tarpeelliset alaisuudessaan toimivat toimikunnat. Hallitus kokoontuu kommodorin tai kahden hallituksen j\u00e4senen kutsusta. Hallituksen kokous on p\u00e4\u00e4t\u00f6svaltainen, kun kommodori tai varakommodori ja v\u00e4hint\u00e4\u00e4n kolme muista hallituksen j\u00e4senist\u00e4 on l\u00e4sn\u00e4. Hallituksen kokouksista pidet\u00e4\u00e4n p\u00f6yt\u00e4kirjaa.<\/p>\n<p>Kommodori valitaan vuodeksi kerrallaan. Hallituksen varsinaiset j\u00e4senet valitaan kahdeksi vuodeksi siten, ett\u00e4 vuosittain heist\u00e4 on kolme erovuorossa. N\u00e4iden s\u00e4\u00e4nt\u00f6jen mukaista hallitusta ensimm\u00e4isen kerran valittaessa m\u00e4\u00e4ritell\u00e4\u00e4n erovuoroiset kolme j\u00e4sent\u00e4 arpomalla, joka toimitetaan heti vaalien j\u00e4lkeen.<\/p>\n<p>Hallituksen varaj\u00e4senet valitaan vuodeksi kerrallaan.<\/p>\n<p>Hallituksen toimikausi on kalenterivuosi.<\/p>\n<p>Hallituksen teht\u00e4v\u00e4t:<\/p>\n<ol>\n<li>Johtaa yhdistyksen toimintaa 2 \u00a7 mukaisten tarkoitusperien toteuttamiseksi.<\/li>\n<li>Edustaa yhdistyst\u00e4, tehd\u00e4 yhdistyksen puolesta sitoumuksia sek\u00e4 esiinty\u00e4 yhdistyksen puolesta kantajana ja vastaajana.<\/li>\n<li>Kutsua yhdistys kokouksiin ja valmistella niiss\u00e4 k\u00e4sitelt\u00e4v\u00e4t asiat.<\/li>\n<li>Toimeenpanna yhdistyksen kokousten tekem\u00e4t p\u00e4\u00e4t\u00f6kset.<\/li>\n<li>Vastata yhdistyksen rahavarojen ja muun omaisuuden hoitamisesta sek\u00e4 j\u00e4senmaksujen perimisest\u00e4.<\/li>\n<li>P\u00e4\u00e4tt\u00e4\u00e4 j\u00e4seneksi ottamisesta ja j\u00e4senyydest\u00e4 erottamisesta ja pit\u00e4\u00e4 j\u00e4senluetteloa.<\/li>\n<li>Laatia yhdistyksen toimintakertomukset ja \u2013suunnitelmat, talousarviot sek\u00e4 tilinp\u00e4\u00e4t\u00f6kset.<\/li>\n<li>Hoitaa muut yhdistyst\u00e4 koskevat asiat<\/li>\n<\/ol>\n<h3>9\u00a7 Jaostot ja toimikunnat<\/h3>\n<p>Hallitus voi nimet\u00e4 yhdistyksen j\u00e4senist\u00e4 koostuvia rekister\u00f6im\u00e4tt\u00f6mi\u00e4 jaostoja tai toimikuntia, jotka huolehtivat eri harrastuspiirien toiminnasta tai muista erityisist\u00e4 teht\u00e4vist\u00e4.<\/p>\n<h3>10\u00a7 Nimenkirjoitusoikeus<\/h3>\n<p>Yhdistyksen nimen kirjoittavat kommodori yksin, tai varakommodori ja rahastonhoitaja yhdess\u00e4 tai jompikumpi yhdess\u00e4 muun hallituksen j\u00e4senen kanssa.<\/p>\n<h3>11\u00a7 Tilikausi<\/h3>\n<p>Yhdistyksen tilikausi on kalenterivuosi. Yhdistyksen tilit p\u00e4\u00e4tet\u00e4\u00e4n kalenterivuosittain ja hallituksen on j\u00e4tett\u00e4v\u00e4 ne tilintarkastajille, joiden tulee viimeist\u00e4\u00e4n kaksi viikkoa ennen vuosikokousta palauttaa ne lausuntoineen hallitukselle.<\/p>\n<h3>12\u00a7 J\u00e4senten puhe- ja \u00e4\u00e4nioikeus<\/h3>\n<p>Yhdistyksen kokouksissa l\u00e4sn\u00e4 olevilla er\u00e4\u00e4ntyneet j\u00e4senmaksunsa maksaneilla varsinaisilla j\u00e4senill\u00e4 sek\u00e4 kunniaj\u00e4senill\u00e4 on \u00e4\u00e4nioikeus. \u00c4\u00e4nestyksiss\u00e4 ratkaisee yksinkertainen \u00e4\u00e4nten enemmist\u00f6, paitsi j\u00e4ljemp\u00e4n\u00e4 18\u00a7:ss\u00e4 mainitussa tapauksessa. \u00c4\u00e4nten menness\u00e4 tasan, voittaa se mielipide, jota kokouksen puheenjohtaja kannattaa, paitsi henkil\u00f6vaalissa, jossa arpa ratkaisee. \u00c4\u00e4nestys on suoritettava suljettuna lippu\u00e4\u00e4nestyksen\u00e4, mik\u00e4li yksikin \u00e4\u00e4nioikeutettu j\u00e4sen sit\u00e4\u00a0pyyt\u00e4\u00e4. Valtakirjalla ei saa \u00e4\u00e4nest\u00e4\u00e4 toisen j\u00e4senen puolesta.<\/p>\n<p>Muilla j\u00e4senill\u00e4 on yhdistyksen kokouksissa l\u00e4sn\u00e4olo- ja puheoikeus.<\/p>\n<h3>13\u00a7 Kokouskutsut<\/h3>\n<p>Kokouskutsut toimitetaan jokaiselle j\u00e4senelle s\u00e4hk\u00f6postitse heid\u00e4n j\u00e4senrekisteriin ilmoittamaansa osoitteeseen sek\u00e4 yhdistyksen ilmoitustaululle viimeist\u00e4\u00e4n nelj\u00e4toista (14) vuorokautta ennen kokousta. Ylim\u00e4\u00e4r\u00e4inen kokous kutsutaan koolle hallituksen toimesta kun yhdistyksen kokous niin p\u00e4\u00e4tt\u00e4\u00e4 tai kun hallitus katsoo siihen olevan aihetta tai kun v\u00e4hint\u00e4\u00e4n 1\/10 yhdistyksen \u00e4\u00e4nioikeutetuista j\u00e4senist\u00e4 hallitukselta kirjallisesti vaatii sen kokoontumista k\u00e4sittelem\u00e4\u00e4n ilmoitettua asiaa.<\/p>\n<h3>14\u00a7 Yhdistyksen kokoukset<\/h3>\n<p>Yhdistyksell\u00e4 on kaksi varsinaista kokousta: kev\u00e4t- ja syyskokous.<br \/>Yhdistyksen kokous valitsee itselleen puheenjohtajan, sihteerin sek\u00e4 kaksi p\u00f6yt\u00e4kirjantarkastajaa ja kaksi \u00e4\u00e4ntenlaskijaa.<\/p>\n<p>J\u00e4senen, joka haluaa kokouksessa k\u00e4sitelt\u00e4v\u00e4ksi asiansa, tulee toimittaa vaatimus hallitukselle kolme viikkoa ennen kokouksen aikaisinta s\u00e4\u00e4nt\u00f6jen sallimaa ajankohtaa.<\/p>\n<p>Kummassakin yhdistyksen varsinaisessa kokouksessa voidaan k\u00e4sitell\u00e4 ja vahvistaa tarvittavat s\u00e4\u00e4nt\u00f6muutokset ja muut hallituksen valmistelemat ja esityslistalla mainitut asiat.<\/p>\n<p>Yhdistyksen kokous vahvistaa satama-, vartio- ja muut tarpeelliseksi katsottavat ohjes\u00e4\u00e4nn\u00f6t.<\/p>\n<p>Kev\u00e4tkokouksessa, joka pidet\u00e4\u00e4n tammi-kes\u00e4kuussa, k\u00e4sitell\u00e4\u00e4n seuraavat asiat:<\/p>\n<ol>\n<li>esitet\u00e4\u00e4n vuosikertomus, tilinp\u00e4\u00e4t\u00f6s ja tilintarkastajien lausunto,<\/li>\n<li>vahvistetaan tilinp\u00e4\u00e4t\u00f6s sek\u00e4 p\u00e4\u00e4tet\u00e4\u00e4n vastuuvapauden my\u00f6nt\u00e4misest\u00e4 tilivelvollisille<\/li>\n<\/ol>\n<p>Syyskokouksessa, joka pidet\u00e4\u00e4n elo-joulukuussa, k\u00e4sitell\u00e4\u00e4n seuraavat asiat:<\/p>\n<ol>\n<li>valitaan seuraavaksi toimikaudeksi kommodori ja tarvittava m\u00e4\u00e4r\u00e4 hallituksen j\u00e4seni\u00e4 erovuoroisten tilalle sek\u00e4 varaj\u00e4senet.<\/li>\n<li>Valitaan tilintarkastaja ja t\u00e4lle varamies taikka tilintarkastusyhteis\u00f6 tarkastamaan tulevan vuoden tilej\u00e4 ja hallintoa<\/li>\n<li>K\u00e4sitell\u00e4\u00e4n ja vahvistetaan hallituksen valmistelema toimintasuunnitelma tulevalle vuodelle<\/li>\n<li>k\u00e4sitell\u00e4\u00e4n ja vahvistetaan liittymis- ja j\u00e4senmaksut, venepaikka- ja talvis\u00e4ilytysmaksut, avain-, katsastus-, vartiointisakkomaksut ja muut maksut<\/li>\n<li>K\u00e4sitell\u00e4\u00e4n ja vahvistetaan hallituksen valmistelema talousarvioesitys tulevalle vuodelle<\/li>\n<\/ol>\n<h3>15\u00a7 J\u00e4senen eroaminen kerhosta<\/h3>\n<p>J\u00e4senell\u00e4 on oikeus erota yhdistyksest\u00e4 tekem\u00e4ll\u00e4 siit\u00e4 kirjallisen ilmoituksen hallitukselle tai sen puheenjohtajalle, tai ilmoittamalla eroamisestaan yhdistyksen kokouksessa p\u00f6yt\u00e4kirjaan merkitt\u00e4v\u00e4ksi. Eroaminen ei vapauta eroamisvuoden j\u00e4senmaksusta eik\u00e4 muista er\u00e4\u00e4ntyneist\u00e4 maksuista.<\/p>\n<h3>16\u00a7 J\u00e4senen erottaminen kerhosta<\/h3>\n<p>Hallitus voi erottaa j\u00e4senen, joka rikkoo yhdistyksen s\u00e4\u00e4nt\u00f6j\u00e4 ja hyvi\u00e4 tapoja vastaan, toimii yhdistyksen tarkoitusperien vastaisesti, yhdistyksen kokouksen p\u00e4\u00e4t\u00f6sten tai hallituksen antamien ohjeiden ja m\u00e4\u00e4r\u00e4ysten vastaisesti tai j\u00e4tt\u00e4\u00e4 vuosikokousten vahvistamat maksut maksamatta m\u00e4\u00e4r\u00e4ajassa. Erotetulla j\u00e4senell\u00e4 on kolmenkymmenen (30) p\u00e4iv\u00e4n kuluessa erottamisp\u00e4\u00e4t\u00f6ksen tiedoksi saattamisesta oikeus saattaa erottaminen yhdistyksen kokouksen ratkaistavaksi.<\/p>\n<p>Erotetulla j\u00e4senell\u00e4 ei ole oikeutta vaatia takaisin yhdistykselle suorittamiaan maksuja.<\/p>\n<h3>17\u00a7 Lahjoituksien vastaanottaminen<\/h3>\n<p>Yhdistyksell\u00e4 on oikeus ottaa vastaan toimintansa tukemiseksi lahjoituksia tai testamentteja sek\u00e4 omistaa ja hallita toimintaansa varten tarpeellista irtainta ja kiinte\u00e4\u00e4 omaisuutta.<\/p>\n<h3>18\u00a7 S\u00e4\u00e4nt\u00f6jen muuttaminen<\/h3>\n<p>N\u00e4it\u00e4 s\u00e4\u00e4nt\u00f6j\u00e4 voidaan muuttaa tai yhdistys purkaa, jos siit\u00e4 tehty\u00e4 ehdotusta on kahdessa per\u00e4kk\u00e4isess\u00e4 yhdistyksen kokouksessa, joiden v\u00e4li on v\u00e4hint\u00e4\u00e4n yksi kuukausi ja enint\u00e4\u00e4n yksi vuosi, kannattanut v\u00e4hint\u00e4\u00e4n 3\/4 annetuista \u00e4\u00e4nist\u00e4.<\/p>\n<h3>19\u00a7 Yhdistyksen lakkauttaminen<\/h3>\n<p>Jos yhdistys purkautuu tai lakkautetaan, sen omaisuus k\u00e4ytet\u00e4\u00e4n yhdistyksen tarkoituksen mukaiseen toimintaan j\u00e4lkimm\u00e4isen yhdistyksen purkamisesta p\u00e4\u00e4tt\u00e4v\u00e4n kokouksen p\u00e4\u00e4tt\u00e4m\u00e4ll\u00e4 tavalla.<\/p>\n<p><!-- \/wp:paragraph --><!-- wp:paragraph {\"align\":\"center\"} --><\/p>\n<p><!-- \/wp:paragraph --><!-- wp:paragraph --><\/p>\n<p>\u00a0<\/p>\n<p><!-- \/wp:paragraph --><!-- wp:paragraph {\"align\":\"center\"} --><!-- \/wp:paragraph --><!-- wp:heading {\"level\":1} --><\/p>\t\t\t\t\t\t\t\t<\/div>\n\t\t\t\t<\/div>\n\t\t\t\t\t<\/div>\n\t\t\t\t<\/div>\n\t\t<div class=\"elementor-element elementor-element-b63c856 e-flex e-con-boxed e-con e-parent\" data-id=\"b63c856\" data-element_type=\"container\" data-e-type=\"container\">\n\t\t\t\t\t<div class=\"e-con-inner\">\n\t\t\t\t<div class=\"elementor-element elementor-element-07daa30 elementor-widget elementor-widget-text-editor\" data-id=\"07daa30\" data-element_type=\"widget\" data-e-type=\"widget\" data-widget_type=\"text-editor.default\">\n\t\t\t\t<div class=\"elementor-widget-container\">\n\t\t\t\t\t\t\t\t\t<p style=\"text-align: center;\">Yhdistyksen viralliset s\u00e4\u00e4nn\u00f6t | <a href=\"https:\/\/www.plvk.fi\/index.php\/eettiset-saannot\/\">Eettiset s\u00e4\u00e4nn\u00f6t<\/a> | <a href=\"https:\/\/www.plvk.fi\/index.php\/satamasaannot\/\">Satamas\u00e4\u00e4nn\u00f6t<\/a> <a href=\"https:\/\/www.plvk.fi\/index.php\/vartiosaannot\/\"> | Vartios\u00e4\u00e4nn\u00f6t<\/a> | <a href=\"https:\/\/www.plvk.fi\/index.php\/ohjeet\/\">Ohjeet<\/a><\/p>\t\t\t\t\t\t\t\t<\/div>\n\t\t\t\t<\/div>\n\t\t\t\t\t<\/div>\n\t\t\t\t<\/div>\n\t\t\t\t<\/div>\n\t\t","protected":false},"excerpt":{"rendered":"<p>Yhdistyksen viralliset s\u00e4\u00e4nn\u00f6t | Eettiset s\u00e4\u00e4nn\u00f6t | Satamas\u00e4\u00e4nn\u00f6t | Vartios\u00e4\u00e4nn\u00f6t | Ohjeet (Uudistetut s\u00e4\u00e4nn\u00f6t on hyv\u00e4ksytty vuosikokouksessa 23.4.2025.) 1\u00a7 Yhdistyksen nimi Yhdistyksen nimi on Porslahden Venekerho ry ja sen kotipaikka [&hellip;]<\/p>\n","protected":false},"author":3,"featured_media":0,"parent":19,"menu_order":0,"comment_status":"closed","ping_status":"closed","template":"","meta":{"site-sidebar-layout":"default","site-content-layout":"","ast-site-content-layout":"default","site-content-style":"default","site-sidebar-style":"default","ast-global-header-display":"","ast-banner-title-visibility":"","ast-main-header-display":"","ast-hfb-above-header-display":"","ast-hfb-below-header-display":"","ast-hfb-mobile-header-display":"","site-post-title":"","ast-breadcrumbs-content":"","ast-featured-img":"","footer-sml-layout":"","ast-disable-related-posts":"","theme-transparent-header-meta":"","adv-header-id-meta":"","stick-header-meta":"","header-above-stick-meta":"","header-main-stick-meta":"","header-below-stick-meta":"","astra-migrate-meta-layouts":"set","ast-page-background-enabled":"default","ast-page-background-meta":{"desktop":{"background-color":"var(--ast-global-color-4)","background-image":"","background-repeat":"repeat","background-position":"center center","background-size":"auto","background-attachment":"scroll","background-type":"","background-media":"","overlay-type":"","overlay-color":"","overlay-opacity":"","overlay-gradient":""},"tablet":{"background-color":"","background-image":"","background-repeat":"repeat","background-position":"center center","background-size":"auto","background-attachment":"scroll","background-type":"","background-media":"","overlay-type":"","overlay-color":"","overlay-opacity":"","overlay-gradient":""},"mobile":{"background-color":"","background-image":"","background-repeat":"repeat","background-position":"center center","background-size":"auto","background-attachment":"scroll","background-type":"","background-media":"","overlay-type":"","overlay-color":"","overlay-opacity":"","overlay-gradient":""}},"ast-content-background-meta":{"desktop":{"background-color":"var(--ast-global-color-5)","background-image":"","background-repeat":"repeat","background-position":"center center","background-size":"auto","background-attachment":"scroll","background-type":"","background-media":"","overlay-type":"","overlay-color":"","overlay-opacity":"","overlay-gradient":""},"tablet":{"background-color":"var(--ast-global-color-5)","background-image":"","background-repeat":"repeat","background-position":"center center","background-size":"auto","background-attachment":"scroll","background-type":"","background-media":"","overlay-type":"","overlay-color":"","overlay-opacity":"","overlay-gradient":""},"mobile":{"background-color":"var(--ast-global-color-5)","background-image":"","background-repeat":"repeat","background-position":"center center","background-size":"auto","background-attachment":"scroll","background-type":"","background-media":"","overlay-type":"","overlay-color":"","overlay-opacity":"","overlay-gradient":""}},"footnotes":""},"class_list":["post-253","page","type-page","status-publish","hentry"],"_links":{"self":[{"href":"https:\/\/www.plvk.fi\/index.php\/wp-json\/wp\/v2\/pages\/253","targetHints":{"allow":["GET"]}}],"collection":[{"href":"https:\/\/www.plvk.fi\/index.php\/wp-json\/wp\/v2\/pages"}],"about":[{"href":"https:\/\/www.plvk.fi\/index.php\/wp-json\/wp\/v2\/types\/page"}],"author":[{"embeddable":true,"href":"https:\/\/www.plvk.fi\/index.php\/wp-json\/wp\/v2\/users\/3"}],"replies":[{"embeddable":true,"href":"https:\/\/www.plvk.fi\/index.php\/wp-json\/wp\/v2\/comments?post=253"}],"version-history":[{"count":82,"href":"https:\/\/www.plvk.fi\/index.php\/wp-json\/wp\/v2\/pages\/253\/revisions"}],"predecessor-version":[{"id":3769,"href":"https:\/\/www.plvk.fi\/index.php\/wp-json\/wp\/v2\/pages\/253\/revisions\/3769"}],"up":[{"embeddable":true,"href":"https:\/\/www.plvk.fi\/index.php\/wp-json\/wp\/v2\/pages\/19"}],"wp:attachment":[{"href":"https:\/\/www.plvk.fi\/index.php\/wp-json\/wp\/v2\/media?parent=253"}],"curies":[{"name":"wp","href":"https:\/\/api.w.org\/{rel}","templated":true}]}}