{"id":3489,"date":"2025-04-29T16:08:43","date_gmt":"2025-04-29T13:08:43","guid":{"rendered":"https:\/\/www.plvk.fi\/?page_id=3489"},"modified":"2025-04-30T12:15:13","modified_gmt":"2025-04-30T09:15:13","slug":"eettiset-saannot","status":"publish","type":"page","link":"https:\/\/www.plvk.fi\/index.php\/jasenille\/saannot\/eettiset-saannot\/","title":{"rendered":"Eettiset s\u00e4\u00e4nn\u00f6t"},"content":{"rendered":"\t\t<div data-elementor-type=\"wp-page\" data-elementor-id=\"3489\" class=\"elementor elementor-3489\" data-elementor-post-type=\"page\">\n\t\t\t\t<div class=\"elementor-element elementor-element-6f210f1 e-flex e-con-boxed e-con e-parent\" data-id=\"6f210f1\" data-element_type=\"container\" data-e-type=\"container\">\n\t\t\t\t\t<div class=\"e-con-inner\">\n\t\t\t\t<div class=\"elementor-element elementor-element-a21302a elementor-widget elementor-widget-heading\" data-id=\"a21302a\" data-element_type=\"widget\" data-e-type=\"widget\" data-widget_type=\"heading.default\">\n\t\t\t\t<div class=\"elementor-widget-container\">\n\t\t\t\t\t<h2 class=\"elementor-heading-title elementor-size-default\">Eettiset s\u00e4\u00e4nn\u00f6t<\/h2>\t\t\t\t<\/div>\n\t\t\t\t<\/div>\n\t\t\t\t\t<\/div>\n\t\t\t\t<\/div>\n\t\t<div class=\"elementor-element elementor-element-80ab4b5 e-flex e-con-boxed e-con e-parent\" data-id=\"80ab4b5\" data-element_type=\"container\" data-e-type=\"container\">\n\t\t\t\t\t<div class=\"e-con-inner\">\n\t\t\t\t<div class=\"elementor-element elementor-element-26c997a elementor-widget elementor-widget-text-editor\" data-id=\"26c997a\" data-element_type=\"widget\" data-e-type=\"widget\" data-widget_type=\"text-editor.default\">\n\t\t\t\t<div class=\"elementor-widget-container\">\n\t\t\t\t\t\t\t\t\t<p style=\"text-align: center;\"><a href=\"https:\/\/www.plvk.fi\/index.php\/jasenille\/saannot\/yhdistyksen-saantokirja\/\" data-type=\"page\" data-id=\"253\">Yhdistyksen viralliset s\u00e4\u00e4nn\u00f6t<\/a> | Eettiset s\u00e4\u00e4nn\u00f6t | <a href=\"https:\/\/www.plvk.fi\/index.php\/satamasaannot\/\">Satamas\u00e4\u00e4nn\u00f6t<\/a> <a href=\"https:\/\/www.plvk.fi\/index.php\/vartiosaannot\/\"> | Vartios\u00e4\u00e4nn\u00f6t<\/a>\u00a0| <a href=\"https:\/\/www.plvk.fi\/index.php\/ohjeet\/\">Ohjeet<\/a><\/p>\t\t\t\t\t\t\t\t<\/div>\n\t\t\t\t<\/div>\n\t\t\t\t\t<\/div>\n\t\t\t\t<\/div>\n\t\t<div class=\"elementor-element elementor-element-8c933c5 e-flex e-con-boxed e-con e-parent\" data-id=\"8c933c5\" data-element_type=\"container\" data-e-type=\"container\">\n\t\t\t\t\t<div class=\"e-con-inner\">\n\t\t\t\t<div class=\"elementor-element elementor-element-ef58fcd elementor-widget elementor-widget-text-editor\" data-id=\"ef58fcd\" data-element_type=\"widget\" data-e-type=\"widget\" data-widget_type=\"text-editor.default\">\n\t\t\t\t<div class=\"elementor-widget-container\">\n\t\t\t\t\t\t\t\t\t<p><em>(Uudistetut s\u00e4\u00e4nn\u00f6t on hyv\u00e4ksytty vuosikokouksessa 23.4.2025.)<\/em><\/p><p>Porslahden Venekerho Ry:n tavoitteena on avoin, kaikki j\u00e4senet huomioon ottava venekerhotoiminta jolla on nollatoleranssi v\u00e4\u00e4rink\u00e4yt\u00f6ksien suhteen. Kerhon toiminta perustuu positiiviseen ja avoimeen ilmapiirin sek\u00e4 tasavertaiseen p\u00e4\u00e4t\u00f6ksentekoon.<\/p><h3>1\u00a7 Toiminta kerhon luottamustoimissa<\/h3><p>J\u00e4senen toimiessa kerhon luottamustoimessa h\u00e4n pyrkii yhdenvertaiseen, avoimeen ja toimivaan ty\u00f6skentelyyn.<br \/>Luottamusteht\u00e4viss\u00e4 toimivien j\u00e4senten tavoitteena on luotsata kerhoa turvallisen kehitt\u00e4misen tielle, jonka tavoitteena on kerhon toiminnan jatkuva kehitt\u00e4minen.<\/p><h3>2\u00a7 Eettisesti korrekti toiminta<\/h3><p>Eettisesti korrektia toimintaa on esimerkiksi toisten auttaminen ja kunnioittaminen, hyv\u00e4 k\u00e4yt\u00f6s toisia kohtaan satamassa ja toimittaessa kerhon lipun alla.<\/p><h3>3\u00a7 Toisten kunnioittaminen<\/h3><p>Porslahden Venekerhon j\u00e4senet kunnioittavat muiden j\u00e4senten omaisuutta, tarpeita, tavoitteita sek\u00e4 oikeuksia. J\u00e4senet pyrkiv\u00e4t omalla toiminnallaan my\u00f6t\u00e4vaikuttamaan kaikkien j\u00e4senten onnistunutta veneilyharrastusta.<\/p><h3>4\u00a7 Vastuullisuus<\/h3><p>J\u00e4senet ymm\u00e4rt\u00e4v\u00e4t oman vastuunsa ja noudattavat kerhon s\u00e4\u00e4nt\u00f6j\u00e4 ja ohjeita. J\u00e4senet ovat avoimia ja rehellisi\u00e4 ja kertovat yhdistyksen hallitukselle mahdollisimman aikaisessa vaiheessa mahdollisista ristiriidoista tai asioista joiden vuoksi j\u00e4senten tai kerhon ja j\u00e4senten v\u00e4linen suhde tai luottamus saattaa vaarantua.<\/p><h3>5\u00a7 Seuraukset ep\u00e4eettisest\u00e4 toiminnasta ja s\u00e4\u00e4nt\u00f6jen rikkomisesta<\/h3><p>Mik\u00e4li j\u00e4sen toimii ep\u00e4eettisesti tai ei noudata h\u00e4nelle kuuluvia vastuita, kerhon s\u00e4\u00e4nt\u00f6j\u00e4 tai ohjeita, yhdistyksen hallitus antaa j\u00e4senelle varoituksen. Mik\u00e4li j\u00e4sen jatkaa varoituksesta huolimatta ep\u00e4eettist\u00e4 toimintaa tai ei noudata ohjeita tai s\u00e4\u00e4nt\u00f6j\u00e4, hallitus voi ev\u00e4t\u00e4 venepaikan j\u00e4senelt\u00e4 m\u00e4\u00e4r\u00e4ajaksi. Hallituksella on oikeus my\u00f6s erottaa j\u00e4sen kerhosta kerhon s\u00e4\u00e4nt\u00f6jen perusteella.\u00a0<\/p><p>Maksamattomat maksut ilman maksusuunnitelmaa laitetaan perint\u00e4\u00e4n ja ovat erottamisperuste.<\/p>\t\t\t\t\t\t\t\t<\/div>\n\t\t\t\t<\/div>\n\t\t\t\t\t<\/div>\n\t\t\t\t<\/div>\n\t\t<div class=\"elementor-element elementor-element-ddf6fe1 e-flex e-con-boxed e-con e-parent\" data-id=\"ddf6fe1\" data-element_type=\"container\" data-e-type=\"container\">\n\t\t\t\t\t<div class=\"e-con-inner\">\n\t\t\t\t<div class=\"elementor-element elementor-element-f0a899d elementor-widget elementor-widget-text-editor\" data-id=\"f0a899d\" data-element_type=\"widget\" data-e-type=\"widget\" data-widget_type=\"text-editor.default\">\n\t\t\t\t<div class=\"elementor-widget-container\">\n\t\t\t\t\t\t\t\t\t<p style=\"text-align: center;\"><a href=\"https:\/\/www.plvk.fi\/index.php\/jasenille\/saannot\/yhdistyksen-saantokirja\/\" data-type=\"page\" data-id=\"253\">Yhdistyksen viralliset s\u00e4\u00e4nn\u00f6t<\/a> | Eettiset s\u00e4\u00e4nn\u00f6t | <a href=\"https:\/\/www.plvk.fi\/index.php\/satamasaannot\/\">Satamas\u00e4\u00e4nn\u00f6t<\/a> <a href=\"https:\/\/www.plvk.fi\/index.php\/vartiosaannot\/\"> | Vartios\u00e4\u00e4nn\u00f6t<\/a>\u00a0| <a href=\"https:\/\/www.plvk.fi\/index.php\/ohjeet\/\">Ohjeet<\/a><\/p>\t\t\t\t\t\t\t\t<\/div>\n\t\t\t\t<\/div>\n\t\t\t\t\t<\/div>\n\t\t\t\t<\/div>\n\t\t\t\t<\/div>\n\t\t","protected":false},"excerpt":{"rendered":"<p>Eettiset s\u00e4\u00e4nn\u00f6t Yhdistyksen viralliset s\u00e4\u00e4nn\u00f6t | Eettiset s\u00e4\u00e4nn\u00f6t | Satamas\u00e4\u00e4nn\u00f6t | Vartios\u00e4\u00e4nn\u00f6t\u00a0| Ohjeet (Uudistetut s\u00e4\u00e4nn\u00f6t on hyv\u00e4ksytty vuosikokouksessa 23.4.2025.) Porslahden Venekerho Ry:n tavoitteena on avoin, kaikki j\u00e4senet huomioon ottava venekerhotoiminta [&hellip;]<\/p>\n","protected":false},"author":3,"featured_media":0,"parent":19,"menu_order":0,"comment_status":"closed","ping_status":"closed","template":"","meta":{"site-sidebar-layout":"no-sidebar","site-content-layout":"page-builder","ast-site-content-layout":"full-width-container","site-content-style":"default","site-sidebar-style":"default","ast-global-header-display":"","ast-banner-title-visibility":"","ast-main-header-display":"","ast-hfb-above-header-display":"","ast-hfb-below-header-display":"","ast-hfb-mobile-header-display":"","site-post-title":"disabled","ast-breadcrumbs-content":"","ast-featured-img":"disabled","footer-sml-layout":"","ast-disable-related-posts":"","theme-transparent-header-meta":"","adv-header-id-meta":"","stick-header-meta":"","header-above-stick-meta":"","header-main-stick-meta":"","header-below-stick-meta":"","astra-migrate-meta-layouts":"set","ast-page-background-enabled":"default","ast-page-background-meta":{"desktop":{"background-color":"var(--ast-global-color-4)","background-image":"","background-repeat":"repeat","background-position":"center center","background-size":"auto","background-attachment":"scroll","background-type":"","background-media":"","overlay-type":"","overlay-color":"","overlay-opacity":"","overlay-gradient":""},"tablet":{"background-color":"","background-image":"","background-repeat":"repeat","background-position":"center center","background-size":"auto","background-attachment":"scroll","background-type":"","background-media":"","overlay-type":"","overlay-color":"","overlay-opacity":"","overlay-gradient":""},"mobile":{"background-color":"","background-image":"","background-repeat":"repeat","background-position":"center center","background-size":"auto","background-attachment":"scroll","background-type":"","background-media":"","overlay-type":"","overlay-color":"","overlay-opacity":"","overlay-gradient":""}},"ast-content-background-meta":{"desktop":{"background-color":"var(--ast-global-color-5)","background-image":"","background-repeat":"repeat","background-position":"center center","background-size":"auto","background-attachment":"scroll","background-type":"","background-media":"","overlay-type":"","overlay-color":"","overlay-opacity":"","overlay-gradient":""},"tablet":{"background-color":"var(--ast-global-color-5)","background-image":"","background-repeat":"repeat","background-position":"center center","background-size":"auto","background-attachment":"scroll","background-type":"","background-media":"","overlay-type":"","overlay-color":"","overlay-opacity":"","overlay-gradient":""},"mobile":{"background-color":"var(--ast-global-color-5)","background-image":"","background-repeat":"repeat","background-position":"center center","background-size":"auto","background-attachment":"scroll","background-type":"","background-media":"","overlay-type":"","overlay-color":"","overlay-opacity":"","overlay-gradient":""}},"footnotes":""},"class_list":["post-3489","page","type-page","status-publish","hentry"],"_links":{"self":[{"href":"https:\/\/www.plvk.fi\/index.php\/wp-json\/wp\/v2\/pages\/3489","targetHints":{"allow":["GET"]}}],"collection":[{"href":"https:\/\/www.plvk.fi\/index.php\/wp-json\/wp\/v2\/pages"}],"about":[{"href":"https:\/\/www.plvk.fi\/index.php\/wp-json\/wp\/v2\/types\/page"}],"author":[{"embeddable":true,"href":"https:\/\/www.plvk.fi\/index.php\/wp-json\/wp\/v2\/users\/3"}],"replies":[{"embeddable":true,"href":"https:\/\/www.plvk.fi\/index.php\/wp-json\/wp\/v2\/comments?post=3489"}],"version-history":[{"count":64,"href":"https:\/\/www.plvk.fi\/index.php\/wp-json\/wp\/v2\/pages\/3489\/revisions"}],"predecessor-version":[{"id":3696,"href":"https:\/\/www.plvk.fi\/index.php\/wp-json\/wp\/v2\/pages\/3489\/revisions\/3696"}],"up":[{"embeddable":true,"href":"https:\/\/www.plvk.fi\/index.php\/wp-json\/wp\/v2\/pages\/19"}],"wp:attachment":[{"href":"https:\/\/www.plvk.fi\/index.php\/wp-json\/wp\/v2\/media?parent=3489"}],"curies":[{"name":"wp","href":"https:\/\/api.w.org\/{rel}","templated":true}]}}