{"id":3514,"date":"2025-04-29T16:41:27","date_gmt":"2025-04-29T13:41:27","guid":{"rendered":"https:\/\/www.plvk.fi\/?page_id=3514"},"modified":"2025-04-30T12:16:12","modified_gmt":"2025-04-30T09:16:12","slug":"vartiosaannot","status":"publish","type":"page","link":"https:\/\/www.plvk.fi\/index.php\/jasenille\/saannot\/vartiosaannot\/","title":{"rendered":"Vartios\u00e4\u00e4nn\u00f6t"},"content":{"rendered":"\t\t<div data-elementor-type=\"wp-page\" data-elementor-id=\"3514\" class=\"elementor elementor-3514\" data-elementor-post-type=\"page\">\n\t\t\t\t<div class=\"elementor-element elementor-element-d99c471 e-flex e-con-boxed e-con e-parent\" data-id=\"d99c471\" data-element_type=\"container\" data-e-type=\"container\">\n\t\t\t\t\t<div class=\"e-con-inner\">\n\t\t\t\t<div class=\"elementor-element elementor-element-301b455 elementor-widget elementor-widget-heading\" data-id=\"301b455\" data-element_type=\"widget\" data-e-type=\"widget\" data-widget_type=\"heading.default\">\n\t\t\t\t<div class=\"elementor-widget-container\">\n\t\t\t\t\t<h2 class=\"elementor-heading-title elementor-size-default\">VARTIOS\u00c4\u00c4NN\u00d6T<\/h2>\t\t\t\t<\/div>\n\t\t\t\t<\/div>\n\t\t\t\t\t<\/div>\n\t\t\t\t<\/div>\n\t\t<div class=\"elementor-element elementor-element-4d4b319 e-flex e-con-boxed e-con e-parent\" data-id=\"4d4b319\" data-element_type=\"container\" data-e-type=\"container\">\n\t\t\t\t\t<div class=\"e-con-inner\">\n\t\t\t\t<div class=\"elementor-element elementor-element-9df5b96 elementor-widget elementor-widget-text-editor\" data-id=\"9df5b96\" data-element_type=\"widget\" data-e-type=\"widget\" data-widget_type=\"text-editor.default\">\n\t\t\t\t<div class=\"elementor-widget-container\">\n\t\t\t\t\t\t\t\t\t<p><a href=\"https:\/\/www.plvk.fi\/index.php\/jasenille\/saannot\/yhdistyksen-saantokirja\/\">Yhdistyksen viralliset s\u00e4\u00e4nn\u00f6t<\/a> | <a href=\"https:\/\/www.plvk.fi\/index.php\/eettiset-saannot\/\">Eettiset s\u00e4\u00e4nn\u00f6t<\/a> | <a href=\"https:\/\/www.plvk.fi\/index.php\/satamasaannot\/\">Satamas\u00e4\u00e4nn\u00f6t<\/a> | Vartios\u00e4\u00e4nn\u00f6t\u00a0| <a href=\"https:\/\/www.plvk.fi\/index.php\/ohjeet\/\">Ohjeet<\/a><\/p>\t\t\t\t\t\t\t\t<\/div>\n\t\t\t\t<\/div>\n\t\t\t\t\t<\/div>\n\t\t\t\t<\/div>\n\t\t<div class=\"elementor-element elementor-element-d765b94 e-flex e-con-boxed e-con e-parent\" data-id=\"d765b94\" data-element_type=\"container\" data-e-type=\"container\">\n\t\t\t\t\t<div class=\"e-con-inner\">\n\t\t\t\t<div class=\"elementor-element elementor-element-9672137 elementor-widget elementor-widget-text-editor\" data-id=\"9672137\" data-element_type=\"widget\" data-e-type=\"widget\" data-widget_type=\"text-editor.default\">\n\t\t\t\t<div class=\"elementor-widget-container\">\n\t\t\t\t\t\t\t\t\t<p><em>(Uudistetut s\u00e4\u00e4nn\u00f6t on hyv\u00e4ksytty vuosikokouksessa 23.4.2025.)<\/em><\/p><h3 class=\"wp-block-heading\">1\u00a7 PLVK:n vartioinnin tarkoitus<\/h3><p><!-- \/wp:heading --><!-- wp:paragraph --><\/p><p>PLVKn satama-alueen vartioinnin ensisijainen tarkoitus on suojata kerhon ja kerhon j\u00e4senten omaisuutta. Vartioinnilla varmistetaan esimerkiksi ett\u00e4 veneet ovat asianmukaisesti ja kunnolla kiinnitetty, veneisiin ei kerry vett\u00e4, veneiden pressut ovat kunnolla kiinni, ja varmistetaan ett\u00e4 veneet ovat asianmukaisesti suojattu s\u00e4\u00e4lt\u00e4. Vartijoiden paikalla olemisella pyrit\u00e4\u00e4n est\u00e4m\u00e4\u00e4n my\u00f6s varkaudet ja vahingonteot. Tilanteen niin vaatiessa vartijat soittavat poliisin tai meripelastuksen paikalle.\u00a0<\/p><p>T\u00e4ss\u00e4 ohjes\u00e4\u00e4nn\u00f6ss\u00e4 mainitulla vartijalla tarkoitetaan omavartiointia. PLVK:n vartijoiden teht\u00e4v\u00e4n\u00e4 ei ole puuttua tai osallistua vaarallisiin tilanteisiin satamassa muuten kuin h\u00e4lytt\u00e4m\u00e4ll\u00e4 asianomaiset tahot paikalle ja toimia heid\u00e4n ohjeidensa mukaan.<\/p><p><!-- \/wp:paragraph --><!-- wp:heading {\"level\":3} --><\/p><h3 class=\"wp-block-heading\">2\u00a7 Vartiovuoro ja vartiovelvollisuus<\/h3><p><!-- \/wp:heading --><!-- wp:paragraph --><\/p><p>Jokaiseen venepaikkaan liittyy vartiovelvollisuus. Venepaikan haltija on velvoitettu vartioimaan satamassa venekerhon hallituksen m\u00e4\u00e4r\u00e4\u00e4m\u00e4n\u00e4 aikana. Vartiovuoron laiminly\u00f6nnist\u00e4 seuraa vartiointisakko ja hallituksen m\u00e4\u00e4r\u00e4\u00e4m\u00e4 uusi vartiovuoro. Vartijan pit\u00e4\u00e4 olla 18 vuotta t\u00e4ytt\u00e4nyt kerhon j\u00e4sen. Yli 70 vuotta t\u00e4ytt\u00e4neet j\u00e4senet sek\u00e4 kerhon nime\u00e4m\u00e4t toimihenkil\u00f6t ovat vapautettuja vartioinnista. J\u00e4sen voi my\u00f6s terveydentilan tai muun p\u00e4tev\u00e4n syyn vuoksi anoa hallitukselta vapautusta tai vaihtaa vuoronsa muuhun talkooty\u00f6h\u00f6n. On huomioitavaa ett\u00e4 kerhon vakuutus kattaa vain kerhon j\u00e4senet, joten ulkopuoliset j\u00e4senet jotka eiv\u00e4t ole kerhon j\u00e4seni\u00e4, eiv\u00e4t voi toimia vartijana.<\/p><p><!-- \/wp:paragraph --><!-- wp:heading {\"level\":3} --><\/p><h3 class=\"wp-block-heading\">3\u00a7 Vartioinnin suorittaminen<\/h3><p><!-- \/wp:heading --><!-- wp:paragraph --><\/p><p>Vartiointi pyrit\u00e4\u00e4n suorittamaan kahden varsinaisen j\u00e4senen suorittamana parivartiona. Varsinaisen j\u00e4senen 18 vuotta t\u00e4ytt\u00e4nyt, samassa taloudessa asuva perheenj\u00e4sen, joka on my\u00f6s kerhon j\u00e4sen, voi toimia vartijana ja varsinaisen j\u00e4senen sijaisena. Vartiovuoro varataan kerhosovelluksella. Mik\u00e4li j\u00e4sen haluaa perheenj\u00e4senen mukaan vartioon, perheenj\u00e4sent\u00e4 ei merkit\u00e4 vartiovaraukseen mik\u00e4li h\u00e4n ei ole venepaikan omaava vartiovelvollinen kerhon varsinainen j\u00e4sen.<\/p><p>Vartiovuoron vaihto tai vartiovuoron suorittaminen toisen j\u00e4senen puolesta on mahdollista, mik\u00e4li vartiovelvollinen ilmoittaa t\u00e4st\u00e4 etuk\u00e4teen s\u00e4hk\u00f6postitse vartiop\u00e4\u00e4llik\u00f6lle kertoen samalla tuuraajan nimen. Muussa tapauksessa tulkitaan ett\u00e4 alkuper\u00e4inen vuorolistaan merkitty j\u00e4sen on laiminly\u00f6nyt velvollisuutensa. Mik\u00e4li j\u00e4sen suorittaa vartiovuoroa toisen j\u00e4senen puolesta, vartiovelvollisen vartiovelvollisuus katsotaan suoritetuksi vain mik\u00e4li vartiovuoroa suorittava hoitaa vuoronsa asiallisesti.<\/p><p>Vartiovuoro alkaa kello 21:00 ja p\u00e4\u00e4ttyy kello 06:00. Vartiovuorossa vartijat suorittavat vartiokierrokset yhdess\u00e4, vartijat eiv\u00e4t voi vuorotella parinsa kanssa. Vartijat eiv\u00e4t saa esiinty\u00e4 p\u00e4ihtyneen\u00e4 eik\u00e4 huumaavien aineiden alaisena vartiovuorollansa. Vartija ei saa nukkua vuoronsa aikana eik\u00e4 suorittaa vartiointia veneest\u00e4, autosta, asuntovaunusta tms. eik\u00e4 poistua satama-alueelta ilman perusteltua syyt\u00e4. Vartijoiden taukotilana toimii kerhorakennus. Kerhorakennuksessa voi valmistaa ruokaa vartiovuoronsa aikana. Kerhorakennuksessa tupakointi on kielletty\u00e4.<\/p><p><!-- \/wp:paragraph --><!-- wp:heading {\"level\":3} --><\/p><h3 class=\"wp-block-heading\">4\u00a7 Vartioalue ja vartiokierrokset<\/h3><p><!-- \/wp:heading --><!-- wp:paragraph --><\/p><p>Vartiointialue on venekerhon hallinnoima alue, johon kuuluvat aidatut telakointialueet, kerhorakennus, ongelmaj\u00e4tekontti, laiturit A, B ja C edustoineen. Kerhon alueella ei saa liikkua asiattomia. Vartijoiden teht\u00e4v\u00e4n\u00e4 on tunnistaa alueella liikkuvat, esim. avain porttiin tai pys\u00e4k\u00f6intilupa k\u00e4yv\u00e4t osoitukseksi oikeudesta alueella. Huomattakoon ettei huoltolaituri eik\u00e4 kerhorakennuksen ja rannan v\u00e4liss\u00e4 kulkeva kevyen liikenteen v\u00e4yl\u00e4 kuulu vartiointialueeseen.<\/p><p>Mik\u00e4li vartioinnissa on ongelmia, tulee paikalle kutsua poliisi. H\u00e4lytysnumerot ovat kerhorakennuksen sein\u00e4ll\u00e4. Vartiointikierroksella tarkastetaan veneiden osalta niiden kiinnitys ja avoveneist\u00e4 sadeveden m\u00e4\u00e4r\u00e4.<\/p><p><!-- \/wp:paragraph --><!-- wp:heading {\"level\":3} --><\/p><h3 class=\"wp-block-heading\">5\u00a7 Vartiop\u00e4iv\u00e4kirja<\/h3><p><!-- \/wp:heading --><!-- wp:paragraph --><\/p><p>Vartioinnista pidet\u00e4\u00e4n kerhosovelluksessa vartiop\u00e4iv\u00e4kirjaa. Molemmat vartijat kuittaavat vuoronsa ja olennaiset tapahtumat vartiovuoron aikana vartiop\u00e4iv\u00e4kirjaan omalla k\u00e4ytt\u00e4j\u00e4tunnuksellaan kirjautuneena. Vartiop\u00e4iv\u00e4kirjaan ei tule kirjata asiattomuuksia eik\u00e4 vartiointiin kuulumattomia asioita.<\/p><p>Mik\u00e4li vartiovuoroa suoritetaan jonkun toisen puolesta, on vartiop\u00e4iv\u00e4kirjaan kirjattava vartiovelvollisen nimi.<\/p><p>Vartiop\u00e4iv\u00e4kirjaan merkit\u00e4\u00e4n my\u00f6s niiden venepaikkojen tunnukset, joissa y\u00f6vyt\u00e4\u00e4n.<\/p><p><!-- \/wp:paragraph --><!-- wp:heading {\"level\":3} --><\/p><h3 class=\"wp-block-heading\">6\u00a7 Huomioliivit ja pelastusliivit<\/h3><p><!-- \/wp:heading --><!-- wp:paragraph --><\/p><p>Vartijoiden tulee k\u00e4ytt\u00e4\u00e4 huomioliivej\u00e4, jotta toimivalta sataman alueella k\u00e4visi ilmi. Vartijoita varten on my\u00f6s pelastusliivej\u00e4, joita tulee k\u00e4ytt\u00e4\u00e4 esim. t\u00e4yttyvi\u00e4 veneit\u00e4 tyhjennett\u00e4ess\u00e4 ja irronneita k\u00f6ysi\u00e4 kiinnitett\u00e4ess\u00e4.<\/p><p><!-- \/wp:paragraph --><!-- wp:heading {\"level\":3} --><\/p><h3 class=\"wp-block-heading\">7\u00a7 Laiminly\u00f6ntimaksu<\/h3><p><!-- \/wp:heading --><!-- wp:paragraph --><\/p><p>Vartioinnin laiminly\u00f6nnist\u00e4 perit\u00e4\u00e4n vartion laiminly\u00f6ntimaksu ja hallitus m\u00e4\u00e4r\u00e4\u00e4 j\u00e4senelle lis\u00e4ksi uuden vartiovuoron, jonka vartiop\u00e4\u00e4llikk\u00f6 vie vartiointilistaan.<\/p><p><!-- \/wp:paragraph --><!-- wp:heading {\"level\":3} --><\/p>\t\t\t\t\t\t\t\t<\/div>\n\t\t\t\t<\/div>\n\t\t\t\t\t<\/div>\n\t\t\t\t<\/div>\n\t\t<div class=\"elementor-element elementor-element-bf05edc e-flex e-con-boxed e-con e-parent\" data-id=\"bf05edc\" data-element_type=\"container\" data-e-type=\"container\">\n\t\t\t\t\t<div class=\"e-con-inner\">\n\t\t\t\t<div class=\"elementor-element elementor-element-19564a7 elementor-widget elementor-widget-text-editor\" data-id=\"19564a7\" data-element_type=\"widget\" data-e-type=\"widget\" data-widget_type=\"text-editor.default\">\n\t\t\t\t<div class=\"elementor-widget-container\">\n\t\t\t\t\t\t\t\t\t<p><a href=\"https:\/\/www.plvk.fi\/index.php\/jasenille\/saannot\/yhdistyksen-saantokirja\/\">Yhdistyksen viralliset s\u00e4\u00e4nn\u00f6t<\/a> | <a href=\"https:\/\/www.plvk.fi\/index.php\/eettiset-saannot\/\">Eettiset s\u00e4\u00e4nn\u00f6t<\/a> | <a href=\"https:\/\/www.plvk.fi\/index.php\/satamasaannot\/\">Satamas\u00e4\u00e4nn\u00f6t<\/a> | Vartios\u00e4\u00e4nn\u00f6t\u00a0| <a href=\"https:\/\/www.plvk.fi\/index.php\/ohjeet\/\">Ohjeet<\/a><\/p>\t\t\t\t\t\t\t\t<\/div>\n\t\t\t\t<\/div>\n\t\t\t\t\t<\/div>\n\t\t\t\t<\/div>\n\t\t\t\t<\/div>\n\t\t","protected":false},"excerpt":{"rendered":"<p>VARTIOS\u00c4\u00c4NN\u00d6T Yhdistyksen viralliset s\u00e4\u00e4nn\u00f6t | Eettiset s\u00e4\u00e4nn\u00f6t | Satamas\u00e4\u00e4nn\u00f6t | Vartios\u00e4\u00e4nn\u00f6t\u00a0| Ohjeet (Uudistetut s\u00e4\u00e4nn\u00f6t on hyv\u00e4ksytty vuosikokouksessa 23.4.2025.) 1\u00a7 PLVK:n vartioinnin tarkoitus PLVKn satama-alueen vartioinnin ensisijainen tarkoitus on suojata kerhon [&hellip;]<\/p>\n","protected":false},"author":3,"featured_media":0,"parent":19,"menu_order":0,"comment_status":"closed","ping_status":"closed","template":"","meta":{"site-sidebar-layout":"no-sidebar","site-content-layout":"page-builder","ast-site-content-layout":"full-width-container","site-content-style":"default","site-sidebar-style":"default","ast-global-header-display":"","ast-banner-title-visibility":"","ast-main-header-display":"","ast-hfb-above-header-display":"","ast-hfb-below-header-display":"","ast-hfb-mobile-header-display":"","site-post-title":"disabled","ast-breadcrumbs-content":"","ast-featured-img":"disabled","footer-sml-layout":"","ast-disable-related-posts":"","theme-transparent-header-meta":"","adv-header-id-meta":"","stick-header-meta":"","header-above-stick-meta":"","header-main-stick-meta":"","header-below-stick-meta":"","astra-migrate-meta-layouts":"set","ast-page-background-enabled":"default","ast-page-background-meta":{"desktop":{"background-color":"var(--ast-global-color-4)","background-image":"","background-repeat":"repeat","background-position":"center center","background-size":"auto","background-attachment":"scroll","background-type":"","background-media":"","overlay-type":"","overlay-color":"","overlay-opacity":"","overlay-gradient":""},"tablet":{"background-color":"","background-image":"","background-repeat":"repeat","background-position":"center center","background-size":"auto","background-attachment":"scroll","background-type":"","background-media":"","overlay-type":"","overlay-color":"","overlay-opacity":"","overlay-gradient":""},"mobile":{"background-color":"","background-image":"","background-repeat":"repeat","background-position":"center center","background-size":"auto","background-attachment":"scroll","background-type":"","background-media":"","overlay-type":"","overlay-color":"","overlay-opacity":"","overlay-gradient":""}},"ast-content-background-meta":{"desktop":{"background-color":"var(--ast-global-color-5)","background-image":"","background-repeat":"repeat","background-position":"center center","background-size":"auto","background-attachment":"scroll","background-type":"","background-media":"","overlay-type":"","overlay-color":"","overlay-opacity":"","overlay-gradient":""},"tablet":{"background-color":"var(--ast-global-color-5)","background-image":"","background-repeat":"repeat","background-position":"center center","background-size":"auto","background-attachment":"scroll","background-type":"","background-media":"","overlay-type":"","overlay-color":"","overlay-opacity":"","overlay-gradient":""},"mobile":{"background-color":"var(--ast-global-color-5)","background-image":"","background-repeat":"repeat","background-position":"center center","background-size":"auto","background-attachment":"scroll","background-type":"","background-media":"","overlay-type":"","overlay-color":"","overlay-opacity":"","overlay-gradient":""}},"footnotes":""},"class_list":["post-3514","page","type-page","status-publish","hentry"],"_links":{"self":[{"href":"https:\/\/www.plvk.fi\/index.php\/wp-json\/wp\/v2\/pages\/3514","targetHints":{"allow":["GET"]}}],"collection":[{"href":"https:\/\/www.plvk.fi\/index.php\/wp-json\/wp\/v2\/pages"}],"about":[{"href":"https:\/\/www.plvk.fi\/index.php\/wp-json\/wp\/v2\/types\/page"}],"author":[{"embeddable":true,"href":"https:\/\/www.plvk.fi\/index.php\/wp-json\/wp\/v2\/users\/3"}],"replies":[{"embeddable":true,"href":"https:\/\/www.plvk.fi\/index.php\/wp-json\/wp\/v2\/comments?post=3514"}],"version-history":[{"count":19,"href":"https:\/\/www.plvk.fi\/index.php\/wp-json\/wp\/v2\/pages\/3514\/revisions"}],"predecessor-version":[{"id":3702,"href":"https:\/\/www.plvk.fi\/index.php\/wp-json\/wp\/v2\/pages\/3514\/revisions\/3702"}],"up":[{"embeddable":true,"href":"https:\/\/www.plvk.fi\/index.php\/wp-json\/wp\/v2\/pages\/19"}],"wp:attachment":[{"href":"https:\/\/www.plvk.fi\/index.php\/wp-json\/wp\/v2\/media?parent=3514"}],"curies":[{"name":"wp","href":"https:\/\/api.w.org\/{rel}","templated":true}]}}